{"id":25583,"date":"2026-03-05T00:24:04","date_gmt":"2026-03-05T00:24:04","guid":{"rendered":"https:\/\/edshipp.com\/?post_type=product&#038;p=25583"},"modified":"2026-03-06T11:17:06","modified_gmt":"2026-03-06T11:17:06","slug":"viktorrolf-spicebomb-extreme-eau-de-parfum-for-men-3-04-oz-90ml-intense-long-lasting-spicy-amber-fragrance","status":"publish","type":"product","link":"https:\/\/edshipp.com\/en\/product\/viktorrolf-spicebomb-extreme-eau-de-parfum-for-men-3-04-oz-90ml-intense-long-lasting-spicy-amber-fragrance\/","title":{"rendered":"Viktor&amp;Rolf Spicebomb Extreme - Perfume for Men, 90ml (3.04 oz)"},"content":{"rendered":"<p data-path-to-node=\"3\"><b data-path-to-node=\"3\" data-index-in-node=\"0\">\u00a1Experimenta la fragancia \u00abBeast Mode\u00bb!<\/b> \ud83d\udd25<\/p>\n<p id=\"p-rc_1c720fa686ac6be9-27\" data-path-to-node=\"4\"><a class=\"ng-star-inserted\" href=\"https:\/\/amzn.to\/4rYcbOQ\" target=\"_blank\" rel=\"noopener\" data-hveid=\"0\" data-ved=\"0CAAQ_4QMahcKEwi-88W7kYuTAxUAAAAAHQAAAAAQVg\">Spicebomb Extreme<\/a> es una mezcla explosiva de pimienta negra, comino y tabaco, suavizada por una rica base de vainilla Bourbon. <span class=\"citation-24 citation-end-24\">Conocido como un \u00abim\u00e1n de cumplidos\u00bb, este aroma intenso es perfecto para climas fr\u00edos y noches de citas.<\/span><\/p>\n<p data-path-to-node=\"5\"><b data-path-to-node=\"5\" data-index-in-node=\"0\">C\u00f3mpralo en Amazon aqu\u00ed:<\/b> <a class=\"ng-star-inserted\" href=\"https:\/\/amzn.to\/4rYcbOQ\" target=\"_blank\" rel=\"noopener\" data-hveid=\"0\" data-ved=\"0CAAQ_4QMahcKEwi-88W7kYuTAxUAAAAAHQAAAAAQWQ\">Spicebomb Extreme EDP<\/a><\/p>\n<p data-path-to-node=\"6\"><i data-path-to-node=\"6\" data-index-in-node=\"0\">Nota: Como afiliado de Amazon, gano con las compras calificadas. \u00a1Consigue el tuyo mientras duren las existencias!<\/i><\/p>","protected":false},"excerpt":{"rendered":"<p data-path-to-node=\"1\"><b data-path-to-node=\"1\" data-index-in-node=\"0\">\u00a1Potencia y seducci\u00f3n en un frasco!<\/b> \ud83d\udd25<\/p>\n<p data-path-to-node=\"2\"><a class=\"ng-star-inserted\" href=\"https:\/\/amzn.to\/4rYcbOQ\" target=\"_blank\" rel=\"noopener\" data-hveid=\"0\" data-ved=\"0CAAQ_4QMahgKEwi-88W7kYuTAxUAAAAAHQAAAAAQjwE\">Spicebomb Extreme<\/a> es una explosi\u00f3n de tabaco y vainilla ideal para tus eventos nocturnos. Aunque suba la temperatura, \u00fasalo con moderaci\u00f3n por la noche para un efecto irresistible.<\/p>\n<p data-path-to-node=\"3\"><a class=\"ng-star-inserted\" href=\"https:\/\/amzn.to\/4rYcbOQ\" target=\"_blank\" rel=\"noopener\" data-hveid=\"0\" data-ved=\"0CAAQ_4QMahgKEwi-88W7kYuTAxUAAAAAHQAAAAAQkAE\">C\u00f3mpralo en Amazon aqu\u00ed<\/a><\/p>\n<blockquote data-path-to-node=\"4\">\n<p data-path-to-node=\"4,0\"><i data-path-to-node=\"4,0\" data-index-in-node=\"0\">Nota: Como afiliado de Amazon, gano con las compras calificadas. \u00a1Aprovecha antes de que se agote!<\/i><\/p>\n<\/blockquote>","protected":false},"featured_media":25584,"comment_status":"open","ping_status":"closed","template":"","meta":{"_acf_changed":false},"product_brand":[],"product_cat":[28,532],"product_tag":[],"class_list":{"0":"post-25583","1":"product","2":"type-product","3":"status-publish","4":"has-post-thumbnail","6":"product_cat-caballero","7":"product_cat-eau-de-perfum","9":"first","10":"instock","11":"taxable","12":"shipping-taxable","13":"product-type-external"},"acf":[],"jetpack_sharing_enabled":true,"_links":{"self":[{"href":"https:\/\/edshipp.com\/en\/wp-json\/wp\/v2\/product\/25583","targetHints":{"allow":["GET"]}}],"collection":[{"href":"https:\/\/edshipp.com\/en\/wp-json\/wp\/v2\/product"}],"about":[{"href":"https:\/\/edshipp.com\/en\/wp-json\/wp\/v2\/types\/product"}],"replies":[{"embeddable":true,"href":"https:\/\/edshipp.com\/en\/wp-json\/wp\/v2\/comments?post=25583"}],"wp:featuredmedia":[{"embeddable":true,"href":"https:\/\/edshipp.com\/en\/wp-json\/wp\/v2\/media\/25584"}],"wp:attachment":[{"href":"https:\/\/edshipp.com\/en\/wp-json\/wp\/v2\/media?parent=25583"}],"wp:term":[{"taxonomy":"product_brand","embeddable":true,"href":"https:\/\/edshipp.com\/en\/wp-json\/wp\/v2\/product_brand?post=25583"},{"taxonomy":"product_cat","embeddable":true,"href":"https:\/\/edshipp.com\/en\/wp-json\/wp\/v2\/product_cat?post=25583"},{"taxonomy":"product_tag","embeddable":true,"href":"https:\/\/edshipp.com\/en\/wp-json\/wp\/v2\/product_tag?post=25583"}],"curies":[{"name":"wp","href":"https:\/\/api.w.org\/{rel}","templated":true}]}}