{"id":24864,"date":"2026-01-13T11:34:38","date_gmt":"2026-01-13T11:34:38","guid":{"rendered":"https:\/\/edshipp.com\/?post_type=product&#038;p=24864"},"modified":"2026-02-07T16:02:58","modified_gmt":"2026-02-07T16:02:58","slug":"set-de-regalo-de-spa-de-peonia-para-mujeres-kit-de-auto-cuidado-y-relajacion-de-9-piezas","status":"publish","type":"product","link":"https:\/\/edshipp.com\/en\/product\/set-de-regalo-de-spa-de-peonia-para-mujeres-kit-de-auto-cuidado-y-relajacion-de-9-piezas\/","title":{"rendered":"Set de Regalo de Spa de Peon\u00eda para Mujeres \u2013 Kit de Auto cuidado y Relajaci\u00f3n de 9 Piezas"},"content":{"rendered":"<p data-start=\"137\" data-end=\"230\"><strong data-start=\"137\" data-end=\"230\">Set de Regalo de Spa de Peon\u00eda para Mujeres \u2013 Kit de Autocuidado y Relajaci\u00f3n de 9 Piezas<\/strong><\/p>\n<p data-start=\"232\" data-end=\"720\">Este set de regalo de spa para mujeres est\u00e1 dise\u00f1ado para ofrecer una experiencia completa de relajaci\u00f3n y autocuidado en casa. Incluye nueve piezas con sales de ba\u00f1o y productos de cuidado corporal que ayudan a limpiar, hidratar y suavizar la piel. Su delicado aroma a peon\u00eda crea un ambiente relajante, ideal para momentos de descanso y bienestar. Presentado como un set lujoso, es una excelente opci\u00f3n de regalo para mam\u00e1, esposa, cumplea\u00f1os, aniversarios o cualquier ocasi\u00f3n especial.<\/p>","protected":false},"excerpt":{"rendered":"<table class=\"a-normal a-spacing-micro\" role=\"list\">\n<tbody>\n<tr class=\"a-spacing-small po-item_form\" role=\"listitem\">\n<td class=\"a-span3\" role=\"presentation\"><span class=\"a-size-base a-text-bold\">Forma del producto<\/span><\/td>\n<td class=\"a-span9\" role=\"presentation\"><span class=\"a-size-base po-break-word\">Loci\u00f3n<\/span><\/td>\n<\/tr>\n<tr class=\"a-spacing-small po-scent\" role=\"listitem\">\n<td class=\"a-span3\" role=\"presentation\"><span class=\"a-size-base a-text-bold\">Fragancia<\/span><\/td>\n<td class=\"a-span9\" role=\"presentation\"><span class=\"a-size-base po-break-word\">Peony<\/span><\/td>\n<\/tr>\n<tr class=\"a-spacing-small po-brand\" role=\"listitem\">\n<td class=\"a-span3\" role=\"presentation\"><span class=\"a-size-base a-text-bold\">Marca<\/span><\/td>\n<td class=\"a-span9\" role=\"presentation\"><span class=\"a-size-base po-break-word\">PEARLWORLD<\/span><\/td>\n<\/tr>\n<tr class=\"a-spacing-small po-product_benefit\" role=\"listitem\">\n<td class=\"a-span3\" role=\"presentation\"><span class=\"a-size-base a-text-bold\">Beneficios del producto<\/span><\/td>\n<td class=\"a-span9\" role=\"presentation\"><span class=\"a-size-base po-break-word\">Humectante<\/span><\/td>\n<\/tr>\n<tr class=\"a-spacing-small po-skin_type\" role=\"listitem\">\n<td class=\"a-span3\" role=\"presentation\"><span class=\"a-size-base a-text-bold\">Tipo de piel<\/span><\/td>\n<td class=\"a-span9\" role=\"presentation\"><span class=\"a-size-base po-break-word\">Todos<\/span><\/td>\n<\/tr>\n<\/tbody>\n<\/table>","protected":false},"featured_media":24865,"comment_status":"open","ping_status":"closed","template":"","meta":{"_acf_changed":false},"product_brand":[],"product_cat":[92,27,531],"product_tag":[],"class_list":{"0":"post-24864","1":"product","2":"type-product","3":"status-publish","4":"has-post-thumbnail","6":"product_cat-belleza-y-cuidado-personal-damas-mujer","7":"product_cat-damas-mujer","8":"product_cat-set-de-bano-para-dama","10":"first","11":"instock","12":"taxable","13":"shipping-taxable","14":"product-type-external"},"acf":[],"jetpack_sharing_enabled":true,"_links":{"self":[{"href":"https:\/\/edshipp.com\/en\/wp-json\/wp\/v2\/product\/24864","targetHints":{"allow":["GET"]}}],"collection":[{"href":"https:\/\/edshipp.com\/en\/wp-json\/wp\/v2\/product"}],"about":[{"href":"https:\/\/edshipp.com\/en\/wp-json\/wp\/v2\/types\/product"}],"replies":[{"embeddable":true,"href":"https:\/\/edshipp.com\/en\/wp-json\/wp\/v2\/comments?post=24864"}],"wp:featuredmedia":[{"embeddable":true,"href":"https:\/\/edshipp.com\/en\/wp-json\/wp\/v2\/media\/24865"}],"wp:attachment":[{"href":"https:\/\/edshipp.com\/en\/wp-json\/wp\/v2\/media?parent=24864"}],"wp:term":[{"taxonomy":"product_brand","embeddable":true,"href":"https:\/\/edshipp.com\/en\/wp-json\/wp\/v2\/product_brand?post=24864"},{"taxonomy":"product_cat","embeddable":true,"href":"https:\/\/edshipp.com\/en\/wp-json\/wp\/v2\/product_cat?post=24864"},{"taxonomy":"product_tag","embeddable":true,"href":"https:\/\/edshipp.com\/en\/wp-json\/wp\/v2\/product_tag?post=24864"}],"curies":[{"name":"wp","href":"https:\/\/api.w.org\/{rel}","templated":true}]}}