{"id":24845,"date":"2026-01-12T11:39:46","date_gmt":"2026-01-12T11:39:46","guid":{"rendered":"https:\/\/edshipp.com\/?post_type=product&#038;p=24845"},"modified":"2026-02-08T09:45:32","modified_gmt":"2026-02-08T09:45:32","slug":"set-de-regalo-de-colonia-para-hombre-pack-de-4-fragancias-3-4-fl-oz-vainilla-cuero-y-ambar","status":"publish","type":"product","link":"https:\/\/edshipp.com\/en\/product\/set-de-regalo-de-colonia-para-hombre-pack-de-4-fragancias-3-4-fl-oz-vainilla-cuero-y-ambar\/","title":{"rendered":"Set de Regalo de Colonia para Hombre \u2013 Pack de 4 Fragancias 3.4 fl oz | Vainilla, Cuero y \u00c1mbar"},"content":{"rendered":"<p data-start=\"135\" data-end=\"208\"><strong data-start=\"135\" data-end=\"208\">Set de Regalo de Colonia para Hombre \u2013 Pack de 4 Fragancias 3.4 fl oz<\/strong><\/p>\n<p data-start=\"210\" data-end=\"707\">Este set de regalo para hombres incluye cuatro fragancias elegantes y masculinas: Valentine Milano, Valentine, Valiant Men y Valuable Paris. Cada colonia ofrece un aroma sofisticado con notas de vainilla, cuero y \u00e1mbar, creando una fragancia intensa y duradera. Ideal para el uso diario o para ocasiones especiales, este combo es una excelente opci\u00f3n para regalar en San Valent\u00edn, cumplea\u00f1os o aniversarios. Su presentaci\u00f3n en botellas de 3.4 fl oz lo convierte en un set pr\u00e1ctico y de gran valor.<\/p>","protected":false},"excerpt":{"rendered":"<table class=\"a-normal a-spacing-micro\" role=\"list\">\n<tbody>\n<tr class=\"a-spacing-small po-brand\" role=\"listitem\">\n<td class=\"a-span3\" role=\"presentation\"><span class=\"a-size-base a-text-bold\">Marca<\/span><\/td>\n<td class=\"a-span9\" role=\"presentation\"><span class=\"a-size-base po-break-word\">A CENTER<\/span><\/td>\n<\/tr>\n<tr class=\"a-spacing-small po-item_form\" role=\"listitem\">\n<td class=\"a-span3\" role=\"presentation\"><span class=\"a-size-base a-text-bold\">Forma del producto<\/span><\/td>\n<td class=\"a-span9\" role=\"presentation\"><span class=\"a-size-base po-break-word\">L\u00edquido<\/span><\/td>\n<\/tr>\n<tr class=\"a-spacing-small po-item_volume\" role=\"listitem\">\n<td class=\"a-span3\" role=\"presentation\"><span class=\"a-size-base a-text-bold\">Volumen del art\u00edculo<\/span><\/td>\n<td class=\"a-span9\" role=\"presentation\"><span class=\"a-size-base po-break-word\">13,6 Onzas de l\u00edquido<\/span><\/td>\n<\/tr>\n<tr class=\"a-spacing-small po-scent\" role=\"listitem\">\n<td class=\"a-span3\" role=\"presentation\"><span class=\"a-size-base a-text-bold\">Fragancia<\/span><\/td>\n<td class=\"a-span9\" role=\"presentation\"><span class=\"a-size-base po-break-word\">MilanoM, San Valent\u00edn, valiente, valioso<\/span><\/td>\n<\/tr>\n<tr class=\"a-spacing-small po-fragrance_concentration\" role=\"listitem\">\n<td class=\"a-span3\" role=\"presentation\"><span class=\"a-size-base a-text-bold\">Concentraci\u00f3n de fragancia<\/span><\/td>\n<td class=\"a-span9\" role=\"presentation\"><span class=\"a-size-base po-break-word\">Eau de parfum<\/span><\/td>\n<\/tr>\n<\/tbody>\n<\/table>","protected":false},"featured_media":24846,"comment_status":"open","ping_status":"closed","template":"","meta":{"_acf_changed":false},"product_brand":[],"product_cat":[28,91,514],"product_tag":[],"class_list":{"0":"post-24845","1":"product","2":"type-product","3":"status-publish","4":"has-post-thumbnail","6":"product_cat-caballero","7":"product_cat-perfumes-y-fragancias","8":"product_cat-set-de-regalo-para-hombre","10":"first","11":"instock","12":"taxable","13":"shipping-taxable","14":"product-type-external"},"acf":[],"jetpack_sharing_enabled":true,"_links":{"self":[{"href":"https:\/\/edshipp.com\/en\/wp-json\/wp\/v2\/product\/24845","targetHints":{"allow":["GET"]}}],"collection":[{"href":"https:\/\/edshipp.com\/en\/wp-json\/wp\/v2\/product"}],"about":[{"href":"https:\/\/edshipp.com\/en\/wp-json\/wp\/v2\/types\/product"}],"replies":[{"embeddable":true,"href":"https:\/\/edshipp.com\/en\/wp-json\/wp\/v2\/comments?post=24845"}],"wp:featuredmedia":[{"embeddable":true,"href":"https:\/\/edshipp.com\/en\/wp-json\/wp\/v2\/media\/24846"}],"wp:attachment":[{"href":"https:\/\/edshipp.com\/en\/wp-json\/wp\/v2\/media?parent=24845"}],"wp:term":[{"taxonomy":"product_brand","embeddable":true,"href":"https:\/\/edshipp.com\/en\/wp-json\/wp\/v2\/product_brand?post=24845"},{"taxonomy":"product_cat","embeddable":true,"href":"https:\/\/edshipp.com\/en\/wp-json\/wp\/v2\/product_cat?post=24845"},{"taxonomy":"product_tag","embeddable":true,"href":"https:\/\/edshipp.com\/en\/wp-json\/wp\/v2\/product_tag?post=24845"}],"curies":[{"name":"wp","href":"https:\/\/api.w.org\/{rel}","templated":true}]}}