{"id":24840,"date":"2026-01-12T11:31:34","date_gmt":"2026-01-12T11:31:34","guid":{"rendered":"https:\/\/edshipp.com\/?post_type=product&#038;p=24840"},"modified":"2026-02-08T09:48:22","modified_gmt":"2026-02-08T09:48:22","slug":"perry-ellis-set-de-regalo-mini-para-hombres-pack-de-4-perfumes-edt-en-spray-de-viaje-0-25-fl-oz-cada-uno","status":"publish","type":"product","link":"https:\/\/edshipp.com\/en\/product\/perry-ellis-set-de-regalo-mini-para-hombres-pack-de-4-perfumes-edt-en-spray-de-viaje-0-25-fl-oz-cada-uno\/","title":{"rendered":"Perry Ellis Set de Regalo Mini para Hombres \u2013 Pack de 4 Perfumes EDT en Spray de Viaje (0.25 fl oz cada uno)"},"content":{"rendered":"<p data-start=\"211\" data-end=\"480\">Set de regalo para hombres que incluye cuatro fragancias Perry Ellis en tama\u00f1o mini: Cielo Rojo, Cielo, Medianoche y Azul Puro. Ideal para viajar, probar diferentes aromas o regalar en San Valent\u00edn. Presentaci\u00f3n pr\u00e1ctica y elegante en sprays EDT de 0.25 fl oz cada uno.<\/p>\n<p data-start=\"482\" data-end=\"503\">Disponible en Amazon.<\/p>","protected":false},"excerpt":{"rendered":"<p>Set de regalo para hombres que incluye cuatro fragancias Perry Ellis en tama\u00f1o mini: Cielo Rojo, Cielo, Medianoche y Azul Puro. Ideal para viajar, probar diferentes aromas o regalar en San Valent\u00edn. Presentaci\u00f3n pr\u00e1ctica y elegante en sprays EDT de 0.25 fl oz cada uno. Disponible en Amazon.<\/p>","protected":false},"featured_media":24841,"comment_status":"open","ping_status":"closed","template":"","meta":{"_acf_changed":false},"product_brand":[],"product_cat":[28,97,514],"product_tag":[],"class_list":{"0":"post-24840","1":"product","2":"type-product","3":"status-publish","4":"has-post-thumbnail","6":"product_cat-caballero","7":"product_cat-perfumes-y-fragancias-belleza-y-cuidado-personal-2","8":"product_cat-set-de-regalo-para-hombre","10":"first","11":"instock","12":"taxable","13":"shipping-taxable","14":"product-type-external"},"acf":[],"jetpack_sharing_enabled":true,"_links":{"self":[{"href":"https:\/\/edshipp.com\/en\/wp-json\/wp\/v2\/product\/24840","targetHints":{"allow":["GET"]}}],"collection":[{"href":"https:\/\/edshipp.com\/en\/wp-json\/wp\/v2\/product"}],"about":[{"href":"https:\/\/edshipp.com\/en\/wp-json\/wp\/v2\/types\/product"}],"replies":[{"embeddable":true,"href":"https:\/\/edshipp.com\/en\/wp-json\/wp\/v2\/comments?post=24840"}],"wp:featuredmedia":[{"embeddable":true,"href":"https:\/\/edshipp.com\/en\/wp-json\/wp\/v2\/media\/24841"}],"wp:attachment":[{"href":"https:\/\/edshipp.com\/en\/wp-json\/wp\/v2\/media?parent=24840"}],"wp:term":[{"taxonomy":"product_brand","embeddable":true,"href":"https:\/\/edshipp.com\/en\/wp-json\/wp\/v2\/product_brand?post=24840"},{"taxonomy":"product_cat","embeddable":true,"href":"https:\/\/edshipp.com\/en\/wp-json\/wp\/v2\/product_cat?post=24840"},{"taxonomy":"product_tag","embeddable":true,"href":"https:\/\/edshipp.com\/en\/wp-json\/wp\/v2\/product_tag?post=24840"}],"curies":[{"name":"wp","href":"https:\/\/api.w.org\/{rel}","templated":true}]}}