{"id":24801,"date":"2026-01-10T15:26:22","date_gmt":"2026-01-10T15:26:22","guid":{"rendered":"https:\/\/edshipp.com\/?post_type=product&#038;p=24801"},"modified":"2026-02-08T09:50:09","modified_gmt":"2026-02-08T09:50:09","slug":"guess-bella-vita-paradiso-eau-de-parfum-para-mujer-3-4-oz-100-ml-vaporizador","status":"publish","type":"product","link":"https:\/\/edshipp.com\/en\/product\/guess-bella-vita-paradiso-eau-de-parfum-para-mujer-3-4-oz-100-ml-vaporizador\/","title":{"rendered":"Guess Bella Vita Paradiso \u2013 Eau de Parfum para mujer, 3.4 oz (100 ml), vaporizador"},"content":{"rendered":"<p data-start=\"853\" data-end=\"1215\"><strong data-start=\"853\" data-end=\"882\">Guess Bella Vita Paradiso<\/strong> \u2013 Eau de Parfum para mujer, 3.4 oz (100 ml).<br data-start=\"927\" data-end=\"930\" \/>Esta fragancia floral y afrutada de <strong data-start=\"968\" data-end=\"977\">Guess<\/strong> es el equilibrio perfecto entre notas frescas y sensuales. Con un toque de <strong data-start=\"1053\" data-end=\"1065\">c\u00edtricos<\/strong> y <strong data-start=\"1068\" data-end=\"1086\">flores blancas<\/strong>, <strong data-start=\"1088\" data-end=\"1111\">Bella Vita Paradiso<\/strong> est\u00e1 dise\u00f1ada para la mujer moderna que busca una fragancia elegante y refrescante para el d\u00eda a d\u00eda.<\/p>\n<p data-start=\"1222\" data-end=\"1291\"><strong data-start=\"1222\" data-end=\"1232\">Tama\u00f1o<\/strong>: 3.4 oz (100 ml)<br data-start=\"1249\" data-end=\"1252\" \/><strong data-start=\"1254\" data-end=\"1262\">Tipo<\/strong>: Eau de Parfum, vaporizador.<\/p>\n<p data-start=\"1222\" data-end=\"1291\">","protected":false},"excerpt":{"rendered":"<p>Guess Bella Vita Paradiso \u2013 Eau de Parfum para mujer, 3.4 oz (100 ml).Esta fragancia floral y afrutada de Guess es el equilibrio perfecto entre notas frescas y sensuales. Con un toque de c\u00edtricos y flores blancas, Bella Vita Paradiso est\u00e1 dise\u00f1ada para la mujer moderna que busca una fragancia elegante y refrescante para el [&hellip;]<\/p>","protected":false},"featured_media":24803,"comment_status":"open","ping_status":"closed","template":"","meta":{"_acf_changed":false},"product_brand":[],"product_cat":[92,27,93],"product_tag":[],"class_list":{"0":"post-24801","1":"product","2":"type-product","3":"status-publish","4":"has-post-thumbnail","6":"product_cat-belleza-y-cuidado-personal-damas-mujer","7":"product_cat-damas-mujer","8":"product_cat-perfumes-y-fragancias-belleza-y-cuidado-personal-damas-mujer","10":"first","11":"instock","12":"taxable","13":"shipping-taxable","14":"product-type-external"},"acf":[],"jetpack_sharing_enabled":true,"_links":{"self":[{"href":"https:\/\/edshipp.com\/en\/wp-json\/wp\/v2\/product\/24801","targetHints":{"allow":["GET"]}}],"collection":[{"href":"https:\/\/edshipp.com\/en\/wp-json\/wp\/v2\/product"}],"about":[{"href":"https:\/\/edshipp.com\/en\/wp-json\/wp\/v2\/types\/product"}],"replies":[{"embeddable":true,"href":"https:\/\/edshipp.com\/en\/wp-json\/wp\/v2\/comments?post=24801"}],"wp:featuredmedia":[{"embeddable":true,"href":"https:\/\/edshipp.com\/en\/wp-json\/wp\/v2\/media\/24803"}],"wp:attachment":[{"href":"https:\/\/edshipp.com\/en\/wp-json\/wp\/v2\/media?parent=24801"}],"wp:term":[{"taxonomy":"product_brand","embeddable":true,"href":"https:\/\/edshipp.com\/en\/wp-json\/wp\/v2\/product_brand?post=24801"},{"taxonomy":"product_cat","embeddable":true,"href":"https:\/\/edshipp.com\/en\/wp-json\/wp\/v2\/product_cat?post=24801"},{"taxonomy":"product_tag","embeddable":true,"href":"https:\/\/edshipp.com\/en\/wp-json\/wp\/v2\/product_tag?post=24801"}],"curies":[{"name":"wp","href":"https:\/\/api.w.org\/{rel}","templated":true}]}}