{"id":24796,"date":"2026-01-10T14:53:10","date_gmt":"2026-01-10T14:53:10","guid":{"rendered":"https:\/\/edshipp.com\/?post_type=product&#038;p=24796"},"modified":"2026-02-08T09:51:45","modified_gmt":"2026-02-08T09:51:45","slug":"coffee-man-seduction-eau-de-toilette-para-hombre-3-4-oz-fragancia-de-madera-fresca-y-larga-duracion","status":"publish","type":"product","link":"https:\/\/edshipp.com\/en\/product\/coffee-man-seduction-eau-de-toilette-para-hombre-3-4-oz-fragancia-de-madera-fresca-y-larga-duracion\/","title":{"rendered":"Coffee Man Seduction \u2013 Eau de Toilette para hombre, 3.4 oz, fragancia de madera fresca y larga duraci\u00f3n"},"content":{"rendered":"<p data-start=\"956\" data-end=\"1299\"><strong data-start=\"956\" data-end=\"980\">Coffee Man Seduction<\/strong> \u2013 Eau de Toilette para hombre, 3.4 oz.<br data-start=\"1019\" data-end=\"1022\" \/>Descubre la fragancia c\u00e1lida y seductora de <strong data-start=\"1068\" data-end=\"1092\">Coffee Man Seduction<\/strong>. Con <strong data-start=\"1098\" data-end=\"1115\">notas de caf\u00e9<\/strong>, <strong data-start=\"1117\" data-end=\"1134\">madera fresca<\/strong> y <strong data-start=\"1137\" data-end=\"1149\">almizcle<\/strong>, esta fragancia de <strong data-start=\"1169\" data-end=\"1187\">larga duraci\u00f3n<\/strong> est\u00e1 dise\u00f1ada para hombres que buscan un perfume \u00fanico, ideal para ocasiones especiales o para el uso diario.<\/p>\n<p data-start=\"1306\" data-end=\"1420\"><strong data-start=\"1306\" data-end=\"1316\">Tama\u00f1o<\/strong>: 3.4 oz (100 ml)<br data-start=\"1333\" data-end=\"1336\" \/><strong data-start=\"1338\" data-end=\"1351\">Fragancia<\/strong>: Madera fresca y especiada, perfecta para el hombre moderno y audaz.<\/p>","protected":false},"excerpt":{"rendered":"<table class=\"a-normal a-spacing-micro\" role=\"list\">\n<tbody>\n<tr class=\"a-spacing-small po-brand\" role=\"listitem\">\n<td class=\"a-span3\" role=\"presentation\"><span class=\"a-size-base a-text-bold\">Marca<\/span><\/td>\n<td class=\"a-span9\" role=\"presentation\"><span class=\"a-size-base po-break-word\">O BOTICARIO<\/span><\/td>\n<\/tr>\n<tr class=\"a-spacing-small po-item_form\" role=\"listitem\">\n<td class=\"a-span3\" role=\"presentation\"><span class=\"a-size-base a-text-bold\">Forma del producto<\/span><\/td>\n<td class=\"a-span9\" role=\"presentation\"><span class=\"a-size-base po-break-word\">L\u00edquido<\/span><\/td>\n<\/tr>\n<tr class=\"a-spacing-small po-item_volume\" role=\"listitem\">\n<td class=\"a-span3\" role=\"presentation\"><span class=\"a-size-base a-text-bold\">Volumen del art\u00edculo<\/span><\/td>\n<td class=\"a-span9\" role=\"presentation\"><span class=\"a-size-base po-break-word\">3,4 Onzas de l\u00edquido<\/span><\/td>\n<\/tr>\n<tr class=\"a-spacing-small po-scent\" role=\"listitem\">\n<td class=\"a-span3\" role=\"presentation\"><span class=\"a-size-base a-text-bold\">Fragancia<\/span><\/td>\n<td class=\"a-span9\" role=\"presentation\"><span class=\"a-size-base po-break-word\">Fresco<\/span><\/td>\n<\/tr>\n<tr class=\"a-spacing-small po-special_feature\" role=\"listitem\">\n<td class=\"a-span3\" role=\"presentation\"><span class=\"a-size-base a-text-bold\">Caracter\u00edsticas especiales<\/span><\/td>\n<td class=\"a-span9\" role=\"presentation\"><span class=\"a-size-base po-break-word\">Larga duraci\u00f3n<\/span><\/td>\n<\/tr>\n<\/tbody>\n<\/table>","protected":false},"featured_media":24798,"comment_status":"open","ping_status":"closed","template":"","meta":{"_acf_changed":false},"product_brand":[],"product_cat":[90,28,91],"product_tag":[],"class_list":{"0":"post-24796","1":"product","2":"type-product","3":"status-publish","4":"has-post-thumbnail","6":"product_cat-belleza-y-cuidado-personal","7":"product_cat-caballero","8":"product_cat-perfumes-y-fragancias","10":"first","11":"instock","12":"taxable","13":"shipping-taxable","14":"product-type-external"},"acf":[],"jetpack_sharing_enabled":true,"_links":{"self":[{"href":"https:\/\/edshipp.com\/en\/wp-json\/wp\/v2\/product\/24796","targetHints":{"allow":["GET"]}}],"collection":[{"href":"https:\/\/edshipp.com\/en\/wp-json\/wp\/v2\/product"}],"about":[{"href":"https:\/\/edshipp.com\/en\/wp-json\/wp\/v2\/types\/product"}],"replies":[{"embeddable":true,"href":"https:\/\/edshipp.com\/en\/wp-json\/wp\/v2\/comments?post=24796"}],"wp:featuredmedia":[{"embeddable":true,"href":"https:\/\/edshipp.com\/en\/wp-json\/wp\/v2\/media\/24798"}],"wp:attachment":[{"href":"https:\/\/edshipp.com\/en\/wp-json\/wp\/v2\/media?parent=24796"}],"wp:term":[{"taxonomy":"product_brand","embeddable":true,"href":"https:\/\/edshipp.com\/en\/wp-json\/wp\/v2\/product_brand?post=24796"},{"taxonomy":"product_cat","embeddable":true,"href":"https:\/\/edshipp.com\/en\/wp-json\/wp\/v2\/product_cat?post=24796"},{"taxonomy":"product_tag","embeddable":true,"href":"https:\/\/edshipp.com\/en\/wp-json\/wp\/v2\/product_tag?post=24796"}],"curies":[{"name":"wp","href":"https:\/\/api.w.org\/{rel}","templated":true}]}}