{"id":24777,"date":"2026-01-10T12:10:19","date_gmt":"2026-01-10T12:10:19","guid":{"rendered":"https:\/\/edshipp.com\/?post_type=product&#038;p=24777"},"modified":"2026-02-08T09:59:41","modified_gmt":"2026-02-08T09:59:41","slug":"every-man-jack-spider-man-set-de-bano-para-hombre-gel-de-ducha","status":"publish","type":"product","link":"https:\/\/edshipp.com\/en\/product\/every-man-jack-spider-man-set-de-bano-para-hombre-gel-de-ducha\/","title":{"rendered":"Every Man Jack Spider-Man \u2013 Set de ba\u00f1o para hombre, gel de ducha"},"content":{"rendered":"<p data-start=\"401\" data-end=\"589\">El <strong data-start=\"404\" data-end=\"440\">regalo perfecto para cada hombre<\/strong>: El set de ba\u00f1o <strong data-start=\"457\" data-end=\"486\">Every Man Jack Spider-Man<\/strong> es un regalo ideal para fans de Marvel y para cualquier hombre que busque un aseo diario de calidad.<\/p>\n<p data-start=\"596\" data-end=\"786\"><strong data-start=\"596\" data-end=\"616\">Aromas ganadores<\/strong>: Inspirado en Spider-Man, su mezcla de <strong data-start=\"656\" data-end=\"675\">hierbas urbanas<\/strong>, <strong data-start=\"677\" data-end=\"691\">lirio rojo<\/strong> y <strong data-start=\"694\" data-end=\"712\">madera terrosa<\/strong> ofrece una fragancia \u00fanica que te mantendr\u00e1 fresco durante todo el d\u00eda.<\/p>\n<p data-start=\"793\" data-end=\"1007\"><strong data-start=\"793\" data-end=\"825\">Ingredientes de alta calidad<\/strong>: Formulado con <strong data-start=\"841\" data-end=\"854\">glicerina<\/strong>, <strong data-start=\"856\" data-end=\"891\">surfactantes derivados del coco<\/strong>, <strong data-start=\"893\" data-end=\"915\">extracto de liquen<\/strong> y <strong data-start=\"918\" data-end=\"939\">manteca de karit\u00e9<\/strong>, este set proporciona una limpieza profunda y suave para la piel.<\/p>\n<p data-start=\"1014\" data-end=\"1176\"><strong data-start=\"1014\" data-end=\"1041\">Reconocido por expertos<\/strong>: Los productos <strong data-start=\"1057\" data-end=\"1075\">Every Man Jack<\/strong> han sido aclamados por medios como <strong data-start=\"1111\" data-end=\"1120\">Oprah<\/strong> y <strong data-start=\"1123\" data-end=\"1134\">Esquire<\/strong> por su calidad y dise\u00f1o sobresalientes.<\/p>","protected":false},"excerpt":{"rendered":"<table class=\"a-normal a-spacing-micro\" role=\"list\">\n<tbody>\n<tr class=\"a-spacing-small po-item_form\" role=\"listitem\">\n<td class=\"a-span3\" role=\"presentation\"><span class=\"a-size-base a-text-bold\">Forma del producto<\/span><\/td>\n<td class=\"a-span9\" role=\"presentation\"><span class=\"a-size-base po-break-word\">Gel<\/span><\/td>\n<\/tr>\n<tr class=\"a-spacing-small po-material_feature\" role=\"listitem\">\n<td class=\"a-span3\" role=\"presentation\"><span class=\"a-size-base a-text-bold\">Caracter\u00edstica del material<\/span><\/td>\n<td class=\"a-span9\" role=\"presentation\"><span class=\"a-size-base po-break-word\">Derivado naturalmente<\/span><\/td>\n<\/tr>\n<tr class=\"a-spacing-small po-scent\" role=\"listitem\">\n<td class=\"a-span3\" role=\"presentation\"><span class=\"a-size-base a-text-bold\">Fragancia<\/span><\/td>\n<td class=\"a-span9\" role=\"presentation\"><span class=\"a-size-base po-break-word\">Aire fresco.<\/span><\/td>\n<\/tr>\n<tr class=\"a-spacing-small po-brand\" role=\"listitem\">\n<td class=\"a-span3\" role=\"presentation\"><span class=\"a-size-base a-text-bold\">Marca<\/span><\/td>\n<td class=\"a-span9\" role=\"presentation\"><span class=\"a-size-base po-break-word\">Every Man Jack<\/span><\/td>\n<\/tr>\n<tr class=\"a-spacing-small po-product_benefit\" role=\"listitem\">\n<td class=\"a-span3\" role=\"presentation\"><span class=\"a-size-base a-text-bold\">Beneficios del producto<\/span><\/td>\n<td class=\"a-span9\" role=\"presentation\"><span class=\"a-size-base\"><span class=\"a-truncate po-truncate-attribute\" data-a-word-break=\"normal\" data-a-truncate-name=\"po-attribute-truncate-4\" data-a-max-rows=\"3\" data-a-overflow-marker=\"&amp;hellip;\" data-a-recalculate=\"false\" data-a-updated=\"true\"><span class=\"a-truncate-full a-offscreen\">Experiencia de aroma fresco y con ingredientes naturales, adecuado para el uso diario y perfecto para los fan\u00e1ticos de Marvel <\/span><span class=\"a-truncate-cut\" aria-hidden=\"true\">Experiencia de aroma fresco y vigorizante con ingredientes naturales, adecuado para el uso diario y perfecto para los fan\u00e1ticos de Marvel<\/span><\/span><\/span><\/td>\n<\/tr>\n<\/tbody>\n<\/table>","protected":false},"featured_media":24778,"comment_status":"open","ping_status":"closed","template":"","meta":{"_acf_changed":false},"product_brand":[],"product_cat":[90,28,530],"product_tag":[],"class_list":{"0":"post-24777","1":"product","2":"type-product","3":"status-publish","4":"has-post-thumbnail","6":"product_cat-belleza-y-cuidado-personal","7":"product_cat-caballero","8":"product_cat-set-de-bano-para-hombre","10":"first","11":"instock","12":"taxable","13":"shipping-taxable","14":"product-type-external"},"acf":[],"jetpack_sharing_enabled":true,"_links":{"self":[{"href":"https:\/\/edshipp.com\/en\/wp-json\/wp\/v2\/product\/24777","targetHints":{"allow":["GET"]}}],"collection":[{"href":"https:\/\/edshipp.com\/en\/wp-json\/wp\/v2\/product"}],"about":[{"href":"https:\/\/edshipp.com\/en\/wp-json\/wp\/v2\/types\/product"}],"replies":[{"embeddable":true,"href":"https:\/\/edshipp.com\/en\/wp-json\/wp\/v2\/comments?post=24777"}],"wp:featuredmedia":[{"embeddable":true,"href":"https:\/\/edshipp.com\/en\/wp-json\/wp\/v2\/media\/24778"}],"wp:attachment":[{"href":"https:\/\/edshipp.com\/en\/wp-json\/wp\/v2\/media?parent=24777"}],"wp:term":[{"taxonomy":"product_brand","embeddable":true,"href":"https:\/\/edshipp.com\/en\/wp-json\/wp\/v2\/product_brand?post=24777"},{"taxonomy":"product_cat","embeddable":true,"href":"https:\/\/edshipp.com\/en\/wp-json\/wp\/v2\/product_cat?post=24777"},{"taxonomy":"product_tag","embeddable":true,"href":"https:\/\/edshipp.com\/en\/wp-json\/wp\/v2\/product_tag?post=24777"}],"curies":[{"name":"wp","href":"https:\/\/api.w.org\/{rel}","templated":true}]}}