{"id":24768,"date":"2026-01-10T11:47:46","date_gmt":"2026-01-10T11:47:46","guid":{"rendered":"https:\/\/edshipp.com\/?post_type=product&#038;p=24768"},"modified":"2026-02-08T10:02:59","modified_gmt":"2026-02-08T10:02:59","slug":"signature-scent-set-de-4-mini-fragancias-para-hombre-1-oz-c-u","status":"publish","type":"product","link":"https:\/\/edshipp.com\/en\/product\/signature-scent-set-de-4-mini-fragancias-para-hombre-1-oz-c-u\/","title":{"rendered":"Signature Scent \u2013 Set de 4 mini fragancias para hombre, 1 oz c\/u"},"content":{"rendered":"<p>Descubre <strong data-start=\"686\" data-end=\"705\">Signature Scent<\/strong>, un set de 4 mini fragancias para hombres, cada una de 1 oz. Incluye Savvy, 1 Mil Millones, Versos y colecci\u00f3n de San Valent\u00edn. Aromas amaderados, picantes, c\u00edtricos y arom\u00e1ticos, suaves y no irritantes. Ideal para probar diferentes fragancias o regalar.<\/p>","protected":false},"excerpt":{"rendered":"<div id=\"twister_feature_div\" class=\"celwidget\" data-feature-name=\"twister\" data-csa-c-type=\"widget\" data-csa-c-content-id=\"twister\" data-csa-c-slot-id=\"twister_feature_div\" data-csa-c-asin=\"B0DM6YHW8D\" data-csa-c-is-in-initial-active-row=\"false\" data-csa-c-id=\"i6nr14-65taef-7810me-qqtzxi\" data-cel-widget=\"twister_feature_div\">\n<div id=\"twister-plus-desktop-twister-container\" class=\"a-cardui-deck inline-twister-container-margins\" data-csa-c-content-id=\"twister-plus-inline-twister-container\" data-csa-c-slot-id=\"twister-plus-inline-twister-container\" data-csa-c-type=\"slot\" data-csa-c-id=\"9jyugy-4kn1v7-wb1zta-yn7rgv\">\n<div id=\"twister-plus-inline-twister-card\" class=\"a-cardui inline-twister-card-padding\" data-a-card-type=\"basic\">\n<div class=\"a-cardui-body\">\n<div id=\"twister-plus-inline-twister\" class=\"a-section\">\n<div id=\"inline-twister-singleton-header-scent_name\" class=\"a-section a-spacing-none inline-twister-singleton-header\"><span class=\"a-size-base a-color-secondary inline-twister-dim-title\">Aroma:\u00a0<\/span><span id=\"inline-twister-expanded-dimension-text-scent_name\" class=\"a-size-base inline-twister-dim-title-value-truncate a-text-bold\">Arom\u00e1tico picante &#8211; Notas c\u00edtricas, orientales y amaderadas<\/span><\/div>\n<\/div>\n<\/div>\n<\/div>\n<\/div>\n<\/div>\n<div id=\"bundles_feature_div\" class=\"celwidget\" data-feature-name=\"bundles\" data-csa-c-type=\"widget\" data-csa-c-content-id=\"bundles\" data-csa-c-slot-id=\"bundles_feature_div\" data-csa-c-asin=\"B0DM6YHW8D\" data-csa-c-is-in-initial-active-row=\"false\" data-csa-c-id=\"ys66sz-nz2mi0-cy4c1i-whx04l\" data-cel-widget=\"bundles_feature_div\"><\/div>\n<div id=\"valueAdds_feature_div\" class=\"celwidget\" data-feature-name=\"valueAdds\" data-csa-c-type=\"widget\" data-csa-c-content-id=\"valueAdds\" data-csa-c-slot-id=\"valueAdds_feature_div\" data-csa-c-asin=\"B0DM6YHW8D\" data-csa-c-is-in-initial-active-row=\"false\" data-csa-c-id=\"ndo4yn-x6z8ep-phuzn3-esjcj5\" data-cel-widget=\"valueAdds_feature_div\"><\/div>\n<div id=\"clickToContact_feature_div\" class=\"celwidget\" data-feature-name=\"clickToContact\" data-csa-c-type=\"widget\" data-csa-c-content-id=\"clickToContact\" data-csa-c-slot-id=\"clickToContact_feature_div\" data-csa-c-asin=\"B0DM6YHW8D\" data-csa-c-is-in-initial-active-row=\"false\" data-csa-c-id=\"bgqwen-6oncp6-wkcs55-r7epzy\" data-cel-widget=\"clickToContact_feature_div\"><\/div>\n<div id=\"smartHomeWidget_feature_div\" class=\"celwidget\" data-feature-name=\"smartHomeWidget\" data-csa-c-type=\"widget\" data-csa-c-content-id=\"smartHomeWidget\" data-csa-c-slot-id=\"smartHomeWidget_feature_div\" data-csa-c-asin=\"B0DM6YHW8D\" data-csa-c-is-in-initial-active-row=\"false\" data-csa-c-id=\"canp8r-rcozvs-qgfkma-c3u1uc\" data-cel-widget=\"smartHomeWidget_feature_div\"><\/div>\n<div id=\"dpreviewBadge_feature_div\" class=\"celwidget\" data-feature-name=\"dpreviewBadge\" data-csa-c-type=\"widget\" data-csa-c-content-id=\"dpreviewBadge\" data-csa-c-slot-id=\"dpreviewBadge_feature_div\" data-csa-c-asin=\"B0DM6YHW8D\" data-csa-c-is-in-initial-active-row=\"false\" data-csa-c-id=\"1bbtwh-q3ob1d-n29i3y-c2ebhu\" data-cel-widget=\"dpreviewBadge_feature_div\"><\/div>\n<div id=\"amazonCertifiedBadge_feature_div\" class=\"celwidget\" data-feature-name=\"amazonCertifiedBadge\" data-csa-c-type=\"widget\" data-csa-c-content-id=\"amazonCertifiedBadge\" data-csa-c-slot-id=\"amazonCertifiedBadge_feature_div\" data-csa-c-asin=\"B0DM6YHW8D\" data-csa-c-is-in-initial-active-row=\"false\" data-csa-c-id=\"hvyhe7-v6cym0-65x2gj-gj97wj\" data-cel-widget=\"amazonCertifiedBadge_feature_div\"><\/div>\n<div id=\"renewedProgramDescriptionAtf_feature_div\" class=\"celwidget\" data-feature-name=\"renewedProgramDescriptionAtf\" data-csa-c-type=\"widget\" data-csa-c-content-id=\"renewedProgramDescriptionAtf\" data-csa-c-slot-id=\"renewedProgramDescriptionAtf_feature_div\" data-csa-c-asin=\"B0DM6YHW8D\" data-csa-c-is-in-initial-active-row=\"false\" data-csa-c-id=\"exfz1u-7y47a3-8oorce-jliiru\" data-cel-widget=\"renewedProgramDescriptionAtf_feature_div\"><\/div>\n<div id=\"twisterPlusWWDesktop\" class=\"celwidget\" data-feature-name=\"twisterPlusWWDesktop\" data-csa-c-type=\"widget\" data-csa-c-content-id=\"twisterPlusWWDesktop\" data-csa-c-slot-id=\"twisterPlusWWDesktop\" data-csa-c-asin=\"B0DM6YHW8D\" data-csa-c-is-in-initial-active-row=\"false\" data-csa-c-id=\"yoh3g7-1j50n6-ojvmf7-1s3zjr\" data-cel-widget=\"twisterPlusWWDesktop\"><\/div>\n<div id=\"sizeChartV2Data_feature_div\" class=\"celwidget\" data-feature-name=\"sizeChartV2Data\" data-csa-c-type=\"widget\" data-csa-c-content-id=\"sizeChartV2Data\" data-csa-c-slot-id=\"sizeChartV2Data_feature_div\" data-csa-c-asin=\"B0DM6YHW8D\" data-csa-c-is-in-initial-active-row=\"false\" data-csa-c-id=\"v5th9g-5u5mih-oazxqx-65mjsb\" data-cel-widget=\"sizeChartV2Data_feature_div\"><\/div>\n<div id=\"buyingOptionNostosInlineBadge_feature_div\" class=\"celwidget\" data-feature-name=\"buyingOptionNostosInlineBadge\" data-csa-c-type=\"widget\" data-csa-c-content-id=\"buyingOptionNostosInlineBadge\" data-csa-c-slot-id=\"buyingOptionNostosInlineBadge_feature_div\" data-csa-c-asin=\"B0DM6YHW8D\" data-csa-c-is-in-initial-active-row=\"false\" data-csa-c-id=\"g4a77s-cjsfel-1h6vja-v5gxn3\" data-cel-widget=\"buyingOptionNostosInlineBadge_feature_div\"><\/div>\n<div id=\"gestaltCustomizationSummary_feature_div\" class=\"celwidget\" data-feature-name=\"gestaltCustomizationSummary\" data-csa-c-type=\"widget\" data-csa-c-content-id=\"gestaltCustomizationSummary\" data-csa-c-slot-id=\"gestaltCustomizationSummary_feature_div\" data-csa-c-asin=\"B0DM6YHW8D\" data-csa-c-is-in-initial-active-row=\"false\" data-csa-c-id=\"bn3a6e-8q137z-cb2lsc-q1afof\" data-cel-widget=\"gestaltCustomizationSummary_feature_div\"><\/div>\n<div id=\"gestaltPredefinedCustomizations_feature_div\" class=\"celwidget\" data-feature-name=\"gestaltPredefinedCustomizations\" data-csa-c-type=\"widget\" data-csa-c-content-id=\"gestaltPredefinedCustomizations\" data-csa-c-slot-id=\"gestaltPredefinedCustomizations_feature_div\" data-csa-c-asin=\"B0DM6YHW8D\" data-csa-c-is-in-initial-active-row=\"false\" data-csa-c-id=\"kcf437-7s6m8i-t0zxiz-11os2b\" data-cel-widget=\"gestaltPredefinedCustomizations_feature_div\"><\/div>\n<div id=\"productOverview_feature_div\" class=\"celwidget\" data-feature-name=\"productOverview\" data-csa-c-type=\"widget\" data-csa-c-content-id=\"productOverview\" data-csa-c-slot-id=\"productOverview_feature_div\" data-csa-c-asin=\"B0DM6YHW8D\" data-csa-c-is-in-initial-active-row=\"false\" data-csa-c-id=\"o74fpk-v0216g-mfmqj4-w477ty\" data-cel-widget=\"productOverview_feature_div\">\n<div class=\"a-section a-spacing-small a-spacing-top-small\">\n<table class=\"a-normal a-spacing-micro\" role=\"list\">\n<tbody>\n<tr class=\"a-spacing-small po-brand\" role=\"listitem\">\n<td class=\"a-span3\" role=\"presentation\"><span class=\"a-size-base a-text-bold\">Marca<\/span><\/td>\n<td class=\"a-span9\" role=\"presentation\"><span class=\"a-size-base po-break-word\">NovoGlow<\/span><\/td>\n<\/tr>\n<tr class=\"a-spacing-small po-item_form\" role=\"listitem\">\n<td class=\"a-span3\" role=\"presentation\"><span class=\"a-size-base a-text-bold\">Forma del producto<\/span><\/td>\n<td class=\"a-span9\" role=\"presentation\"><span class=\"a-size-base po-break-word\">L\u00edquido<\/span><\/td>\n<\/tr>\n<tr class=\"a-spacing-small po-item_volume\" role=\"listitem\">\n<td class=\"a-span3\" role=\"presentation\"><span class=\"a-size-base a-text-bold\">Volumen del art\u00edculo<\/span><\/td>\n<td class=\"a-span9\" role=\"presentation\"><span class=\"a-size-base po-break-word\">4 Onzas de l\u00edquido<\/span><\/td>\n<\/tr>\n<tr class=\"a-spacing-small po-scent\" role=\"listitem\">\n<td class=\"a-span3\" role=\"presentation\"><span class=\"a-size-base a-text-bold\">Fragancia<\/span><\/td>\n<td class=\"a-span9\" role=\"presentation\"><span class=\"a-size-base po-break-word\">Arom\u00e1tico picante &#8211; Notas c\u00edtricas, orientales y amaderadas<\/span><\/td>\n<\/tr>\n<tr class=\"a-spacing-small po-special_feature\" role=\"listitem\">\n<td class=\"a-span3\" role=\"presentation\"><span class=\"a-size-base a-text-bold\">Caracter\u00edsticas especiales<\/span><\/td>\n<td class=\"a-span9\" role=\"presentation\"><span class=\"a-size-base po-break-word\">Tama\u00f1o de viaje<\/span><\/td>\n<\/tr>\n<\/tbody>\n<\/table>\n<\/div>\n<\/div>","protected":false},"featured_media":24769,"comment_status":"open","ping_status":"closed","template":"","meta":{"_acf_changed":false},"product_brand":[],"product_cat":[90,28,91,514],"product_tag":[],"class_list":{"0":"post-24768","1":"product","2":"type-product","3":"status-publish","4":"has-post-thumbnail","6":"product_cat-belleza-y-cuidado-personal","7":"product_cat-caballero","8":"product_cat-perfumes-y-fragancias","9":"product_cat-set-de-regalo-para-hombre","11":"first","12":"instock","13":"taxable","14":"shipping-taxable","15":"product-type-external"},"acf":[],"jetpack_sharing_enabled":true,"_links":{"self":[{"href":"https:\/\/edshipp.com\/en\/wp-json\/wp\/v2\/product\/24768","targetHints":{"allow":["GET"]}}],"collection":[{"href":"https:\/\/edshipp.com\/en\/wp-json\/wp\/v2\/product"}],"about":[{"href":"https:\/\/edshipp.com\/en\/wp-json\/wp\/v2\/types\/product"}],"replies":[{"embeddable":true,"href":"https:\/\/edshipp.com\/en\/wp-json\/wp\/v2\/comments?post=24768"}],"wp:featuredmedia":[{"embeddable":true,"href":"https:\/\/edshipp.com\/en\/wp-json\/wp\/v2\/media\/24769"}],"wp:attachment":[{"href":"https:\/\/edshipp.com\/en\/wp-json\/wp\/v2\/media?parent=24768"}],"wp:term":[{"taxonomy":"product_brand","embeddable":true,"href":"https:\/\/edshipp.com\/en\/wp-json\/wp\/v2\/product_brand?post=24768"},{"taxonomy":"product_cat","embeddable":true,"href":"https:\/\/edshipp.com\/en\/wp-json\/wp\/v2\/product_cat?post=24768"},{"taxonomy":"product_tag","embeddable":true,"href":"https:\/\/edshipp.com\/en\/wp-json\/wp\/v2\/product_tag?post=24768"}],"curies":[{"name":"wp","href":"https:\/\/api.w.org\/{rel}","templated":true}]}}