{"id":24594,"date":"2026-01-06T10:33:54","date_gmt":"2026-01-06T10:33:54","guid":{"rendered":"https:\/\/edshipp.com\/?post_type=product&#038;p=24594"},"modified":"2026-01-20T00:00:41","modified_gmt":"2026-01-20T00:00:41","slug":"dolce-gabbana-the-one-gold-for-men-eau-de-parfum-intense-spray","status":"publish","type":"product","link":"https:\/\/edshipp.com\/en\/product\/dolce-gabbana-the-one-gold-for-men-eau-de-parfum-intense-spray\/","title":{"rendered":"Dolce Gabbana The One Gold for Men, Eau de Parfum Intense Spray"},"content":{"rendered":"<p data-start=\"293\" data-end=\"591\"><strong data-start=\"293\" data-end=\"361\">Dolce &amp; Gabbana The One Gold for Men Eau de Parfum Intense Spray<\/strong> es una fragancia masculina sofisticada y moderna, ideal para hombres seguros de s\u00ed mismos que buscan un aroma elegante y con car\u00e1cter. Su versi\u00f3n <em data-start=\"508\" data-end=\"517\">Intense<\/em> ofrece una mayor profundidad y duraci\u00f3n, perfecta para el d\u00eda o la noche.<\/p>\n<p data-start=\"593\" data-end=\"769\">Esta fragancia combina notas arom\u00e1ticas, especiadas y amaderadas, logrando un equilibrio atractivo y refinado. Es una excelente opci\u00f3n tanto para uso personal como para regalo.<\/p>","protected":false},"excerpt":{"rendered":"<p>Dolce &amp; Gabbana The One Gold for Men Eau de Parfum Intense Spray es una fragancia masculina sofisticada y moderna, ideal para hombres seguros de s\u00ed mismos que buscan un aroma elegante y con car\u00e1cter. Su versi\u00f3n Intense ofrece una mayor profundidad y duraci\u00f3n, perfecta para el d\u00eda o la noche. Esta fragancia combina notas [&hellip;]<\/p>","protected":false},"featured_media":24596,"comment_status":"open","ping_status":"closed","template":"","meta":{"_acf_changed":false},"product_brand":[],"product_cat":[28,91],"product_tag":[],"class_list":{"0":"post-24594","1":"product","2":"type-product","3":"status-publish","4":"has-post-thumbnail","6":"product_cat-caballero","7":"product_cat-perfumes-y-fragancias","9":"first","10":"instock","11":"taxable","12":"shipping-taxable","13":"product-type-external"},"acf":[],"jetpack_sharing_enabled":true,"_links":{"self":[{"href":"https:\/\/edshipp.com\/en\/wp-json\/wp\/v2\/product\/24594","targetHints":{"allow":["GET"]}}],"collection":[{"href":"https:\/\/edshipp.com\/en\/wp-json\/wp\/v2\/product"}],"about":[{"href":"https:\/\/edshipp.com\/en\/wp-json\/wp\/v2\/types\/product"}],"replies":[{"embeddable":true,"href":"https:\/\/edshipp.com\/en\/wp-json\/wp\/v2\/comments?post=24594"}],"wp:featuredmedia":[{"embeddable":true,"href":"https:\/\/edshipp.com\/en\/wp-json\/wp\/v2\/media\/24596"}],"wp:attachment":[{"href":"https:\/\/edshipp.com\/en\/wp-json\/wp\/v2\/media?parent=24594"}],"wp:term":[{"taxonomy":"product_brand","embeddable":true,"href":"https:\/\/edshipp.com\/en\/wp-json\/wp\/v2\/product_brand?post=24594"},{"taxonomy":"product_cat","embeddable":true,"href":"https:\/\/edshipp.com\/en\/wp-json\/wp\/v2\/product_cat?post=24594"},{"taxonomy":"product_tag","embeddable":true,"href":"https:\/\/edshipp.com\/en\/wp-json\/wp\/v2\/product_tag?post=24594"}],"curies":[{"name":"wp","href":"https:\/\/api.w.org\/{rel}","templated":true}]}}