{"id":24485,"date":"2026-01-03T17:20:43","date_gmt":"2026-01-03T17:20:43","guid":{"rendered":"https:\/\/edshipp.com\/?post_type=product&#038;p=24485"},"modified":"2026-01-20T00:00:48","modified_gmt":"2026-01-20T00:00:48","slug":"dior-sauvage-para-hombre-eau-de-parfum-en-aerosol-6-80-onzas-liquidas","status":"publish","type":"product","link":"https:\/\/edshipp.com\/en\/product\/dior-sauvage-para-hombre-eau-de-parfum-en-aerosol-6-80-onzas-liquidas\/","title":{"rendered":"Dior Sauvage para hombre, Eau de Parfum en aerosol, 6.80 onzas l\u00edquidas"},"content":{"rendered":"<p data-start=\"707\" data-end=\"994\"><strong data-start=\"707\" data-end=\"749\">Dior Sauvage Eau de Parfum para Hombre<\/strong> es la fragancia que define al hombre moderno: <strong data-start=\"796\" data-end=\"834\">fresco, audaz y lleno de confianza<\/strong>. Con una composici\u00f3n poderosa, <strong data-start=\"866\" data-end=\"877\">Sauvage<\/strong> se inspira en la belleza indomable de la naturaleza, evocando la frescura del aire libre y el misterio del desierto.<\/p>\n<p data-start=\"1001\" data-end=\"1023\"><strong data-start=\"1001\" data-end=\"1022\">Notas principales<\/strong>:<\/p>\n<ul data-start=\"1026\" data-end=\"1368\">\n<li data-start=\"1026\" data-end=\"1114\">\n<p data-start=\"1028\" data-end=\"1114\"><strong data-start=\"1028\" data-end=\"1047\">Notas de salida<\/strong>: <strong data-start=\"1049\" data-end=\"1074\">Bergamota de Calabria<\/strong>, con una frescura c\u00edtrica y vibrante.<\/p>\n<\/li>\n<li data-start=\"1117\" data-end=\"1226\">\n<p data-start=\"1119\" data-end=\"1226\"><strong data-start=\"1119\" data-end=\"1139\">Notas de coraz\u00f3n<\/strong>: <strong data-start=\"1141\" data-end=\"1153\">Pimienta<\/strong> y <strong data-start=\"1156\" data-end=\"1167\">lavanda<\/strong>, que aportan un toque especiado y floral a la fragancia.<\/p>\n<\/li>\n<li data-start=\"1229\" data-end=\"1364\">\n<p data-start=\"1231\" data-end=\"1364\"><strong data-start=\"1231\" data-end=\"1249\">Notas de fondo<\/strong>: <strong data-start=\"1251\" data-end=\"1265\">\u00c1mbar gris<\/strong>, <strong data-start=\"1267\" data-end=\"1276\">cedro<\/strong> y <strong data-start=\"1279\" data-end=\"1291\">vainilla<\/strong>, creando una base c\u00e1lida y amaderada que permanece en la piel por horas.<\/p>\n<\/li>\n<\/ul>\n<p data-start=\"1371\" data-end=\"1687\">La <strong data-start=\"1374\" data-end=\"1400\">fragancia Dior Sauvage<\/strong> es ideal para hombres que buscan una fragancia con car\u00e1cter, que se adapte a cualquier <strong data-start=\"1488\" data-end=\"1499\">ocasi\u00f3n<\/strong> y que deje una <strong data-start=\"1515\" data-end=\"1535\">estela memorable<\/strong>. Es el <strong data-start=\"1543\" data-end=\"1563\">perfume perfecto<\/strong> tanto para el d\u00eda como para la noche, especialmente para quienes buscan una <strong data-start=\"1640\" data-end=\"1670\">fragancia intensa y fresca<\/strong> al mismo tiempo.<\/p>\n<p data-start=\"1694\" data-end=\"1854\">El elegante frasco de <strong data-start=\"1716\" data-end=\"1746\">Dior Sauvage Eau de Parfum<\/strong> tiene un dise\u00f1o moderno y sofisticado, destacando la <strong data-start=\"1800\" data-end=\"1817\">marca de lujo<\/strong> y la <strong data-start=\"1823\" data-end=\"1839\">alta calidad<\/strong> del perfume.<\/p>\n<p data-start=\"1861\" data-end=\"1908\"><strong data-start=\"1861\" data-end=\"1908\">\u00bfPor qu\u00e9 elegir Dior Sauvage Eau de Parfum?<\/strong><\/p>\n<ul data-start=\"1911\" data-end=\"2225\">\n<li data-start=\"1911\" data-end=\"1977\">\n<p data-start=\"1913\" data-end=\"1977\"><strong data-start=\"1913\" data-end=\"1934\">Fresca y vibrante<\/strong>: Un perfume ideal para el hombre din\u00e1mico.<\/p>\n<\/li>\n<li data-start=\"1980\" data-end=\"2063\">\n<p data-start=\"1982\" data-end=\"2063\"><strong data-start=\"1982\" data-end=\"2000\">Larga duraci\u00f3n<\/strong>: Te acompa\u00f1ar\u00e1 todo el d\u00eda con su estela potente y envolvente.<\/p>\n<\/li>\n<li data-start=\"2066\" data-end=\"2150\">\n<p data-start=\"2068\" data-end=\"2150\">Perfecta para <strong data-start=\"2082\" data-end=\"2103\">cualquier ocasi\u00f3n<\/strong>, desde el uso diario hasta eventos especiales.<\/p>\n<\/li>\n<li data-start=\"2153\" data-end=\"2221\">\n<p data-start=\"2155\" data-end=\"2221\">Botella de <strong data-start=\"2166\" data-end=\"2174\">lujo<\/strong> que resalta tu estilo personal y tu elegancia.<\/p>\n<\/li>\n<\/ul>\n<p data-start=\"2228\" data-end=\"2322\">\u00a1Haz clic en <strong data-start=\"2241\" data-end=\"2264\">\u00abComprar en Amazon\u00bb<\/strong> y lleva la <strong data-start=\"2276\" data-end=\"2300\">exclusividad de Dior<\/strong> a tu hogar hoy mismo!<\/p>","protected":false},"excerpt":{"rendered":"<p>Dior Sauvage Eau de Parfum para Hombre es la fragancia que define al hombre moderno: fresco, audaz y lleno de confianza. Con una composici\u00f3n poderosa, Sauvage se inspira en la belleza indomable de la naturaleza, evocando la frescura del aire libre y el misterio del desierto. Notas principales: Notas de salida: Bergamota de Calabria, con [&hellip;]<\/p>","protected":false},"featured_media":24599,"comment_status":"open","ping_status":"closed","template":"","meta":{"_acf_changed":false},"product_brand":[],"product_cat":[28,91],"product_tag":[],"class_list":{"0":"post-24485","1":"product","2":"type-product","3":"status-publish","4":"has-post-thumbnail","6":"product_cat-caballero","7":"product_cat-perfumes-y-fragancias","9":"first","10":"instock","11":"taxable","12":"shipping-taxable","13":"product-type-external"},"acf":[],"jetpack_sharing_enabled":true,"_links":{"self":[{"href":"https:\/\/edshipp.com\/en\/wp-json\/wp\/v2\/product\/24485","targetHints":{"allow":["GET"]}}],"collection":[{"href":"https:\/\/edshipp.com\/en\/wp-json\/wp\/v2\/product"}],"about":[{"href":"https:\/\/edshipp.com\/en\/wp-json\/wp\/v2\/types\/product"}],"replies":[{"embeddable":true,"href":"https:\/\/edshipp.com\/en\/wp-json\/wp\/v2\/comments?post=24485"}],"wp:featuredmedia":[{"embeddable":true,"href":"https:\/\/edshipp.com\/en\/wp-json\/wp\/v2\/media\/24599"}],"wp:attachment":[{"href":"https:\/\/edshipp.com\/en\/wp-json\/wp\/v2\/media?parent=24485"}],"wp:term":[{"taxonomy":"product_brand","embeddable":true,"href":"https:\/\/edshipp.com\/en\/wp-json\/wp\/v2\/product_brand?post=24485"},{"taxonomy":"product_cat","embeddable":true,"href":"https:\/\/edshipp.com\/en\/wp-json\/wp\/v2\/product_cat?post=24485"},{"taxonomy":"product_tag","embeddable":true,"href":"https:\/\/edshipp.com\/en\/wp-json\/wp\/v2\/product_tag?post=24485"}],"curies":[{"name":"wp","href":"https:\/\/api.w.org\/{rel}","templated":true}]}}