{"id":24478,"date":"2026-01-03T17:10:27","date_gmt":"2026-01-03T17:10:27","guid":{"rendered":"https:\/\/edshipp.com\/?post_type=product&#038;p=24478"},"modified":"2026-01-20T00:00:57","modified_gmt":"2026-01-20T00:00:57","slug":"armani-beauty-stronger-with-you-intensely-perfume-para-hombre-notas-de-pimienta-rosa-lavanda-y-vainilla","status":"publish","type":"product","link":"https:\/\/edshipp.com\/en\/product\/armani-beauty-stronger-with-you-intensely-perfume-para-hombre-notas-de-pimienta-rosa-lavanda-y-vainilla\/","title":{"rendered":"Armani Beauty Stronger With You Intensely \u2013 Perfume para Hombre."},"content":{"rendered":"<p data-start=\"431\" data-end=\"741\"><strong data-start=\"431\" data-end=\"476\">Armani Beauty Stronger With You Intensely<\/strong> es un <strong data-start=\"483\" data-end=\"523\">perfume foug\u00e8re ambarino y amaderado<\/strong> dise\u00f1ado para hombres audaces y sofisticados. Con una <strong data-start=\"578\" data-end=\"601\">combinaci\u00f3n intensa<\/strong> de <strong data-start=\"605\" data-end=\"622\">pimienta rosa<\/strong>, <strong data-start=\"624\" data-end=\"635\">lavanda<\/strong> y <strong data-start=\"638\" data-end=\"650\">vainilla<\/strong>, esta fragancia representa el equilibrio perfecto entre frescura, calidez y profundidad.<\/p>\n<p data-start=\"431\" data-end=\"741\">Notas de Pimienta Rosa, Lavanda y Vainilla.<\/p>\n<p data-start=\"748\" data-end=\"770\"><strong data-start=\"748\" data-end=\"769\">Notas principales<\/strong>:<\/p>\n<ul data-start=\"773\" data-end=\"1097\">\n<li data-start=\"773\" data-end=\"878\">\n<p data-start=\"775\" data-end=\"878\"><strong data-start=\"775\" data-end=\"794\">Notas de salida<\/strong>: <strong data-start=\"796\" data-end=\"813\">Pimienta Rosa<\/strong> y <strong data-start=\"816\" data-end=\"827\">Lavanda<\/strong>, proporcionando una apertura fresca y especiada.<\/p>\n<\/li>\n<li data-start=\"881\" data-end=\"984\">\n<p data-start=\"883\" data-end=\"984\"><strong data-start=\"883\" data-end=\"903\">Notas de coraz\u00f3n<\/strong>: <strong data-start=\"905\" data-end=\"925\">Salm\u00f3n amaderado<\/strong> y <strong data-start=\"928\" data-end=\"937\">cuero<\/strong> que aportan un toque misterioso y masculino.<\/p>\n<\/li>\n<li data-start=\"987\" data-end=\"1093\">\n<p data-start=\"989\" data-end=\"1093\"><strong data-start=\"989\" data-end=\"1007\">Notas de fondo<\/strong>: <strong data-start=\"1009\" data-end=\"1021\">Vainilla<\/strong>, <strong data-start=\"1023\" data-end=\"1032\">ambra<\/strong>, y <strong data-start=\"1036\" data-end=\"1045\">tonka<\/strong>, dejando una base dulce, c\u00e1lida y envolvente.<\/p>\n<\/li>\n<\/ul>\n<p data-start=\"1100\" data-end=\"1405\">Con <strong data-start=\"1104\" data-end=\"1142\">Armani Stronger With You Intensely<\/strong>, tendr\u00e1s una fragancia que <strong data-start=\"1170\" data-end=\"1190\">dura todo el d\u00eda<\/strong> y se adapta perfectamente a cualquier ocasi\u00f3n, ya sea un <strong data-start=\"1248\" data-end=\"1267\">evento nocturno<\/strong> o un d\u00eda lleno de confianza. El dise\u00f1o del frasco, <strong data-start=\"1319\" data-end=\"1341\">elegante y moderno<\/strong>, refleja la sofisticaci\u00f3n que representa la marca <strong data-start=\"1392\" data-end=\"1402\">Armani<\/strong>.<\/p>\n<p data-start=\"1412\" data-end=\"1467\"><strong data-start=\"1412\" data-end=\"1467\">\u00bfPor qu\u00e9 elegir Armani Stronger With You Intensely?<\/strong><\/p>\n<ul data-start=\"1470\" data-end=\"1788\">\n<li data-start=\"1470\" data-end=\"1532\">\n<p data-start=\"1472\" data-end=\"1532\"><strong data-start=\"1472\" data-end=\"1493\">Fragancia intensa<\/strong> que te acompa\u00f1a durante todo el d\u00eda.<\/p>\n<\/li>\n<li data-start=\"1535\" data-end=\"1602\">\n<p data-start=\"1537\" data-end=\"1602\">Combinaci\u00f3n \u00fanica de notas <strong data-start=\"1564\" data-end=\"1599\">especiadas, amaderadas y dulces<\/strong>.<\/p>\n<\/li>\n<li data-start=\"1605\" data-end=\"1693\">\n<p data-start=\"1607\" data-end=\"1693\">Ideal para <strong data-start=\"1618\" data-end=\"1642\">hombres sofisticados<\/strong> que buscan una fragancia <strong data-start=\"1668\" data-end=\"1690\">\u00fanica y envolvente<\/strong>.<\/p>\n<\/li>\n<li data-start=\"1696\" data-end=\"1784\">\n<p data-start=\"1698\" data-end=\"1784\">Botella <strong data-start=\"1706\" data-end=\"1718\">elegante<\/strong> y <strong data-start=\"1721\" data-end=\"1738\">contempor\u00e1nea<\/strong> que representa la marca de lujo <strong data-start=\"1771\" data-end=\"1781\">Armani<\/strong>.<\/p>\n<\/li>\n<\/ul>\n<p data-start=\"1791\" data-end=\"1870\">\u00a1Haz clic en <strong data-start=\"1804\" data-end=\"1827\">\u00abComprar en Amazon\u00bb<\/strong> y lleva este exclusivo perfume a tu hogar!<\/p>","protected":false},"excerpt":{"rendered":"<p>Armani Beauty Stronger With You Intensely es un perfume foug\u00e8re ambarino y amaderado dise\u00f1ado para hombres audaces y sofisticados. Con una combinaci\u00f3n intensa de pimienta rosa, lavanda y vainilla, esta fragancia representa el equilibrio perfecto entre frescura, calidez y profundidad. Notas de Pimienta Rosa, Lavanda y Vainilla. Notas principales: Notas de salida: Pimienta Rosa y [&hellip;]<\/p>","protected":false},"featured_media":24480,"comment_status":"open","ping_status":"closed","template":"","meta":{"_acf_changed":false},"product_brand":[],"product_cat":[90,28,91],"product_tag":[],"class_list":{"0":"post-24478","1":"product","2":"type-product","3":"status-publish","4":"has-post-thumbnail","6":"product_cat-belleza-y-cuidado-personal","7":"product_cat-caballero","8":"product_cat-perfumes-y-fragancias","10":"first","11":"instock","12":"taxable","13":"shipping-taxable","14":"product-type-external"},"acf":[],"jetpack_sharing_enabled":true,"_links":{"self":[{"href":"https:\/\/edshipp.com\/en\/wp-json\/wp\/v2\/product\/24478","targetHints":{"allow":["GET"]}}],"collection":[{"href":"https:\/\/edshipp.com\/en\/wp-json\/wp\/v2\/product"}],"about":[{"href":"https:\/\/edshipp.com\/en\/wp-json\/wp\/v2\/types\/product"}],"replies":[{"embeddable":true,"href":"https:\/\/edshipp.com\/en\/wp-json\/wp\/v2\/comments?post=24478"}],"wp:featuredmedia":[{"embeddable":true,"href":"https:\/\/edshipp.com\/en\/wp-json\/wp\/v2\/media\/24480"}],"wp:attachment":[{"href":"https:\/\/edshipp.com\/en\/wp-json\/wp\/v2\/media?parent=24478"}],"wp:term":[{"taxonomy":"product_brand","embeddable":true,"href":"https:\/\/edshipp.com\/en\/wp-json\/wp\/v2\/product_brand?post=24478"},{"taxonomy":"product_cat","embeddable":true,"href":"https:\/\/edshipp.com\/en\/wp-json\/wp\/v2\/product_cat?post=24478"},{"taxonomy":"product_tag","embeddable":true,"href":"https:\/\/edshipp.com\/en\/wp-json\/wp\/v2\/product_tag?post=24478"}],"curies":[{"name":"wp","href":"https:\/\/api.w.org\/{rel}","templated":true}]}}