{"id":24472,"date":"2026-01-03T16:59:27","date_gmt":"2026-01-03T16:59:27","guid":{"rendered":"https:\/\/edshipp.com\/?post_type=product&#038;p=24472"},"modified":"2026-01-20T00:01:05","modified_gmt":"2026-01-20T00:01:05","slug":"lancome-la-vie-est-belle-eau-de-parfum-perfume-floral-y-dulce-para-mujer-notas-de-iris-pachuli-y-vainilla","status":"publish","type":"product","link":"https:\/\/edshipp.com\/en\/product\/lancome-la-vie-est-belle-eau-de-parfum-perfume-floral-y-dulce-para-mujer-notas-de-iris-pachuli-y-vainilla\/","title":{"rendered":"Lanc\u00f4me La Vie Est Belle Eau de Parfum"},"content":{"rendered":"<p>Perfume Floral y Dulce para Mujer \u2013 Notas de Iris, Pachuli y Vainilla.<\/p>","protected":false},"excerpt":{"rendered":"<p data-start=\"1049\" data-end=\"1335\"><strong data-start=\"1049\" data-end=\"1091\">Lanc\u00f4me La Vie Est Belle Eau de Parfum<\/strong> es una fragancia que exuda <strong data-start=\"1119\" data-end=\"1155\">elegancia, felicidad y feminidad<\/strong>. Dise\u00f1ada para la mujer que celebra la vida y la belleza, esta fragancia floral y dulce es un reflejo perfecto de lo que significa disfrutar de los peque\u00f1os momentos de la vida.<\/p>\n<p data-start=\"1342\" data-end=\"1364\"><strong data-start=\"1342\" data-end=\"1363\">Notas Principales<\/strong>:<\/p>\n<ul data-start=\"1367\" data-end=\"1733\">\n<li data-start=\"1367\" data-end=\"1452\">\n<p data-start=\"1369\" data-end=\"1452\"><strong data-start=\"1369\" data-end=\"1388\">Notas de salida<\/strong>: <strong data-start=\"1390\" data-end=\"1398\">Iris<\/strong>, la flor que simboliza la belleza y la sofisticaci\u00f3n.<\/p>\n<\/li>\n<li data-start=\"1455\" data-end=\"1549\">\n<p data-start=\"1457\" data-end=\"1549\"><strong data-start=\"1457\" data-end=\"1477\">Notas de coraz\u00f3n<\/strong>: Un toque de <strong data-start=\"1491\" data-end=\"1502\">pachuli<\/strong>, que agrega profundidad y un aire de misterio.<\/p>\n<\/li>\n<li data-start=\"1552\" data-end=\"1729\">\n<p data-start=\"1554\" data-end=\"1729\"><strong data-start=\"1554\" data-end=\"1572\">Notas de fondo<\/strong>: <strong data-start=\"1574\" data-end=\"1593\">Vainilla c\u00e1lida<\/strong> y <strong data-start=\"1596\" data-end=\"1613\">az\u00facar hilado<\/strong>, que dan una sensaci\u00f3n envolvente y dulce, ideal para quienes aman las fragancias <strong data-start=\"1696\" data-end=\"1717\">frescas y c\u00e1lidas<\/strong> a la vez.<\/p>\n<\/li>\n<\/ul>\n<p data-start=\"1736\" data-end=\"2002\"><strong data-start=\"1736\" data-end=\"1756\">La Vie Est Belle<\/strong> no es solo un perfume, sino una declaraci\u00f3n de estilo y elegancia. Su aroma <strong data-start=\"1833\" data-end=\"1851\">floral y dulce<\/strong> es perfecto para el uso diario, y su <strong data-start=\"1889\" data-end=\"1907\">larga duraci\u00f3n<\/strong> te acompa\u00f1ar\u00e1 a lo largo del d\u00eda, dejando una estela memorable de feminidad y sofisticaci\u00f3n.<\/p>\n<p data-start=\"2009\" data-end=\"2054\"><strong data-start=\"2009\" data-end=\"2054\">\u00bfPor qu\u00e9 elegir Lanc\u00f4me La Vie Est Belle?<\/strong><\/p>\n<ul data-start=\"2057\" data-end=\"2399\">\n<li data-start=\"2057\" data-end=\"2131\">\n<p data-start=\"2059\" data-end=\"2131\">Fragancia <strong data-start=\"2069\" data-end=\"2087\">floral y dulce<\/strong> que es perfecta para <strong data-start=\"2109\" data-end=\"2130\">cualquier ocasi\u00f3n<\/strong>.<\/p>\n<\/li>\n<li data-start=\"2134\" data-end=\"2223\">\n<p data-start=\"2136\" data-end=\"2223\"><strong data-start=\"2136\" data-end=\"2148\">Duradera<\/strong> y <strong data-start=\"2151\" data-end=\"2165\">envolvente<\/strong>, ideal para mujeres que buscan una fragancia que perdure.<\/p>\n<\/li>\n<li data-start=\"2226\" data-end=\"2305\">\n<p data-start=\"2228\" data-end=\"2305\">Un perfume que refleja la <strong data-start=\"2254\" data-end=\"2282\">elegancia y la confianza<\/strong> de la mujer moderna.<\/p>\n<\/li>\n<li data-start=\"2308\" data-end=\"2395\">\n<p data-start=\"2310\" data-end=\"2395\"><strong data-start=\"2310\" data-end=\"2330\">Elegante botella<\/strong> de Lanc\u00f4me, un accesorio de lujo que decora cualquier tocador.<\/p>\n<\/li>\n<\/ul>\n<p data-start=\"2402\" data-end=\"2502\">\u00a1Haz clic en <strong data-start=\"2415\" data-end=\"2438\">\u00abComprar en Amazon\u00bb<\/strong> y lleva la fragancia <strong data-start=\"2460\" data-end=\"2480\">La Vie Est Belle<\/strong> a tu hogar hoy mismo!<\/p>","protected":false},"featured_media":24473,"comment_status":"open","ping_status":"closed","template":"","meta":{"_acf_changed":false},"product_brand":[],"product_cat":[27,93],"product_tag":[],"class_list":{"0":"post-24472","1":"product","2":"type-product","3":"status-publish","4":"has-post-thumbnail","6":"product_cat-damas-mujer","7":"product_cat-perfumes-y-fragancias-belleza-y-cuidado-personal-damas-mujer","9":"first","10":"instock","11":"taxable","12":"shipping-taxable","13":"product-type-external"},"acf":[],"jetpack_sharing_enabled":true,"_links":{"self":[{"href":"https:\/\/edshipp.com\/en\/wp-json\/wp\/v2\/product\/24472","targetHints":{"allow":["GET"]}}],"collection":[{"href":"https:\/\/edshipp.com\/en\/wp-json\/wp\/v2\/product"}],"about":[{"href":"https:\/\/edshipp.com\/en\/wp-json\/wp\/v2\/types\/product"}],"replies":[{"embeddable":true,"href":"https:\/\/edshipp.com\/en\/wp-json\/wp\/v2\/comments?post=24472"}],"wp:featuredmedia":[{"embeddable":true,"href":"https:\/\/edshipp.com\/en\/wp-json\/wp\/v2\/media\/24473"}],"wp:attachment":[{"href":"https:\/\/edshipp.com\/en\/wp-json\/wp\/v2\/media?parent=24472"}],"wp:term":[{"taxonomy":"product_brand","embeddable":true,"href":"https:\/\/edshipp.com\/en\/wp-json\/wp\/v2\/product_brand?post=24472"},{"taxonomy":"product_cat","embeddable":true,"href":"https:\/\/edshipp.com\/en\/wp-json\/wp\/v2\/product_cat?post=24472"},{"taxonomy":"product_tag","embeddable":true,"href":"https:\/\/edshipp.com\/en\/wp-json\/wp\/v2\/product_tag?post=24472"}],"curies":[{"name":"wp","href":"https:\/\/api.w.org\/{rel}","templated":true}]}}