{"id":24467,"date":"2026-01-03T16:45:41","date_gmt":"2026-01-03T16:45:41","guid":{"rendered":"https:\/\/edshipp.com\/?post_type=product&#038;p=24467"},"modified":"2026-01-20T00:01:14","modified_gmt":"2026-01-20T00:01:14","slug":"lolita-lempicka-le-parfum-eau-de-parfum-spray-para-mujer-edicion-limitada-tenido-de-morado-medianoche-botella-con-acento-dorado-notas-de-regaliz-violeta-y-anis-3-4-onzas","status":"publish","type":"product","link":"https:\/\/edshipp.com\/en\/product\/lolita-lempicka-le-parfum-eau-de-parfum-spray-para-mujer-edicion-limitada-tenido-de-morado-medianoche-botella-con-acento-dorado-notas-de-regaliz-violeta-y-anis-3-4-onzas\/","title":{"rendered":"Lolita Lempicka Le Parfum Eau De Parfum &#8211; Spray mujer, edici\u00f3n limitada."},"content":{"rendered":"<p data-start=\"1293\" data-end=\"1566\"><strong data-start=\"1293\" data-end=\"1336\">Lolita Lempicka Le Parfum Eau De Parfum<\/strong> es una fragancia <strong data-start=\"1354\" data-end=\"1363\">\u00fanica<\/strong> y <strong data-start=\"1366\" data-end=\"1379\">seductora<\/strong> que captura la esencia de la feminidad en su forma m\u00e1s lujosa. Esta <strong data-start=\"1448\" data-end=\"1468\">edici\u00f3n limitada<\/strong> es ideal para las mujeres que buscan un perfume exclusivo que refleje su estilo y personalidad.<\/p>\n<p data-start=\"1293\" data-end=\"1566\">Te\u00f1ido de morado medianoche, botella con acento dorado, notas de regaliz, violeta y an\u00eds, 3.4 onzas.<\/p>\n<p data-start=\"1573\" data-end=\"1595\"><strong data-start=\"1573\" data-end=\"1594\">Notas principales<\/strong>:<\/p>\n<ul data-start=\"1598\" data-end=\"1904\">\n<li data-start=\"1598\" data-end=\"1698\">\n<p data-start=\"1600\" data-end=\"1698\"><strong data-start=\"1600\" data-end=\"1619\">Notas de salida<\/strong>: <strong data-start=\"1621\" data-end=\"1629\">An\u00eds<\/strong> y <strong data-start=\"1632\" data-end=\"1643\">regaliz<\/strong>, creando una apertura especiada y ligeramente dulce.<\/p>\n<\/li>\n<li data-start=\"1701\" data-end=\"1805\">\n<p data-start=\"1703\" data-end=\"1805\"><strong data-start=\"1703\" data-end=\"1723\">Notas de coraz\u00f3n<\/strong>: <strong data-start=\"1725\" data-end=\"1736\">Violeta<\/strong> y <strong data-start=\"1739\" data-end=\"1754\">heliootropo<\/strong>, a\u00f1adiendo una sensaci\u00f3n floral y aterciopelada.<\/p>\n<\/li>\n<li data-start=\"1808\" data-end=\"1900\">\n<p data-start=\"1810\" data-end=\"1900\"><strong data-start=\"1810\" data-end=\"1828\">Notas de fondo<\/strong>: <strong data-start=\"1830\" data-end=\"1842\">Alm\u00edscle<\/strong> y <strong data-start=\"1845\" data-end=\"1857\">vainilla<\/strong>, aportando una base c\u00e1lida y envolvente.<\/p>\n<\/li>\n<\/ul>\n<p data-start=\"1907\" data-end=\"2300\">Esta fragancia comienza con la <strong data-start=\"1938\" data-end=\"1959\">calidez especiada<\/strong> del <strong data-start=\"1964\" data-end=\"1975\">regaliz<\/strong> y el <strong data-start=\"1981\" data-end=\"1989\">an\u00eds<\/strong>, seguida de un coraz\u00f3n suave y floral de <strong data-start=\"2031\" data-end=\"2042\">violeta<\/strong>, y finalmente, se asienta en una base cremosa y dulce de <strong data-start=\"2100\" data-end=\"2112\">alm\u00edscle<\/strong> y <strong data-start=\"2115\" data-end=\"2127\">vainilla<\/strong>. La combinaci\u00f3n de notas <strong data-start=\"2153\" data-end=\"2186\">dulces, florales y especiadas<\/strong> la convierte en una opci\u00f3n intrigante y <strong data-start=\"2227\" data-end=\"2240\">seductora<\/strong>, perfecta para una noche especial o una ocasi\u00f3n elegante.<\/p>\n<p data-start=\"2307\" data-end=\"2631\">El dise\u00f1o de la <strong data-start=\"2323\" data-end=\"2334\">botella<\/strong> es tan cautivador como la fragancia misma. <strong data-start=\"2378\" data-end=\"2409\">Te\u00f1ida de morado medianoche<\/strong>, con detalles dorados, la botella refleja un toque de <strong data-start=\"2464\" data-end=\"2487\">lujo y exclusividad<\/strong>. La forma en que el frasco se presenta en un elegante tono oscuro lo convierte en una pieza de colecci\u00f3n que har\u00e1 resaltar cualquier tocador.<\/p>\n<p data-start=\"2638\" data-end=\"2698\"><strong data-start=\"2638\" data-end=\"2698\">\u00bfPor qu\u00e9 elegir Lolita Lempicka Le Parfum Eau De Parfum?<\/strong><\/p>\n<ul data-start=\"2701\" data-end=\"3043\">\n<li data-start=\"2701\" data-end=\"2778\">\n<p data-start=\"2703\" data-end=\"2778\"><strong data-start=\"2703\" data-end=\"2723\">Edici\u00f3n limitada<\/strong> que te permite disfrutar de una fragancia exclusiva.<\/p>\n<\/li>\n<li data-start=\"2781\" data-end=\"2869\">\n<p data-start=\"2783\" data-end=\"2869\">Notas <strong data-start=\"2789\" data-end=\"2814\">florales y especiadas<\/strong> que te envuelven en una experiencia sensorial \u00fanica.<\/p>\n<\/li>\n<li data-start=\"2872\" data-end=\"2946\">\n<p data-start=\"2874\" data-end=\"2946\"><strong data-start=\"2874\" data-end=\"2892\">Botella lujosa<\/strong> y de dise\u00f1o elegante, perfecta para coleccionistas.<\/p>\n<\/li>\n<li data-start=\"2949\" data-end=\"3039\">\n<p data-start=\"2951\" data-end=\"3039\">Ideal para <strong data-start=\"2962\" data-end=\"2986\">ocasiones especiales<\/strong>, cenas o eventos nocturnos donde quieras destacar.<\/p>\n<\/li>\n<\/ul>\n<p data-start=\"3046\" data-end=\"3163\"><strong data-start=\"3046\" data-end=\"3163\">\u00a1Haz clic en el bot\u00f3n \u00abComprar en Amazon\u00bb y consigue esta fragancia \u00fanica y sofisticada directamente en tu hogar!<\/strong><\/p>","protected":false},"excerpt":{"rendered":"<p>Lolita Lempicka Le Parfum Eau De Parfum es una fragancia \u00fanica y seductora que captura la esencia de la feminidad en su forma m\u00e1s lujosa. Esta edici\u00f3n limitada es ideal para las mujeres que buscan un perfume exclusivo que refleje su estilo y personalidad. Te\u00f1ido de morado medianoche, botella con acento dorado, notas de regaliz, [&hellip;]<\/p>","protected":false},"featured_media":24468,"comment_status":"open","ping_status":"closed","template":"","meta":{"_acf_changed":false},"product_brand":[],"product_cat":[27,93],"product_tag":[],"class_list":{"0":"post-24467","1":"product","2":"type-product","3":"status-publish","4":"has-post-thumbnail","6":"product_cat-damas-mujer","7":"product_cat-perfumes-y-fragancias-belleza-y-cuidado-personal-damas-mujer","9":"first","10":"instock","11":"taxable","12":"shipping-taxable","13":"product-type-external"},"acf":[],"jetpack_sharing_enabled":true,"_links":{"self":[{"href":"https:\/\/edshipp.com\/en\/wp-json\/wp\/v2\/product\/24467","targetHints":{"allow":["GET"]}}],"collection":[{"href":"https:\/\/edshipp.com\/en\/wp-json\/wp\/v2\/product"}],"about":[{"href":"https:\/\/edshipp.com\/en\/wp-json\/wp\/v2\/types\/product"}],"replies":[{"embeddable":true,"href":"https:\/\/edshipp.com\/en\/wp-json\/wp\/v2\/comments?post=24467"}],"wp:featuredmedia":[{"embeddable":true,"href":"https:\/\/edshipp.com\/en\/wp-json\/wp\/v2\/media\/24468"}],"wp:attachment":[{"href":"https:\/\/edshipp.com\/en\/wp-json\/wp\/v2\/media?parent=24467"}],"wp:term":[{"taxonomy":"product_brand","embeddable":true,"href":"https:\/\/edshipp.com\/en\/wp-json\/wp\/v2\/product_brand?post=24467"},{"taxonomy":"product_cat","embeddable":true,"href":"https:\/\/edshipp.com\/en\/wp-json\/wp\/v2\/product_cat?post=24467"},{"taxonomy":"product_tag","embeddable":true,"href":"https:\/\/edshipp.com\/en\/wp-json\/wp\/v2\/product_tag?post=24467"}],"curies":[{"name":"wp","href":"https:\/\/api.w.org\/{rel}","templated":true}]}}