{"id":24463,"date":"2026-01-03T16:09:02","date_gmt":"2026-01-03T16:09:02","guid":{"rendered":"https:\/\/edshipp.com\/?post_type=product&#038;p=24463"},"modified":"2026-01-20T00:02:16","modified_gmt":"2026-01-20T00:02:16","slug":"dolcegabbana-q-intense-eau-de-parfum-spray-for-women","status":"publish","type":"product","link":"https:\/\/edshipp.com\/en\/product\/dolcegabbana-q-intense-eau-de-parfum-spray-for-women\/","title":{"rendered":"Dolce&#038;Gabbana Q Intense, Eau De Parfum Spray, For Women"},"content":{"rendered":"<p data-start=\"1249\" data-end=\"1596\"><strong data-start=\"1249\" data-end=\"1307\">Dolce&amp;Gabbana Q Intense Eau de Parfum Spray para Mujer<\/strong> es una fragancia de lujo que combina perfectamente lo <strong data-start=\"1362\" data-end=\"1391\">floral, oriental y c\u00e1lido<\/strong>, creando una mezcla sofisticada que se adapta a mujeres con estilo y personalidad. Este perfume es una reinterpretaci\u00f3n moderna de la cl\u00e1sica <strong data-start=\"1534\" data-end=\"1561\">fragancia Dolce&amp;Gabbana<\/strong>, ahora m\u00e1s intensa y envolvente.<\/p>\n<p data-start=\"1603\" data-end=\"1625\"><strong data-start=\"1603\" data-end=\"1624\">Notas principales<\/strong>:<\/p>\n<ul data-start=\"1628\" data-end=\"1851\">\n<li data-start=\"1628\" data-end=\"1688\">\n<p data-start=\"1630\" data-end=\"1688\"><strong data-start=\"1630\" data-end=\"1649\">Notas de salida<\/strong>: <strong data-start=\"1651\" data-end=\"1669\">Flor de azahar<\/strong> y <strong data-start=\"1672\" data-end=\"1685\">bergamota<\/strong>.<\/p>\n<\/li>\n<li data-start=\"1691\" data-end=\"1770\">\n<p data-start=\"1693\" data-end=\"1770\"><strong data-start=\"1693\" data-end=\"1713\">Notas de coraz\u00f3n<\/strong>: <strong data-start=\"1715\" data-end=\"1732\">Az\u00facar moreno<\/strong>, <strong data-start=\"1734\" data-end=\"1746\">almendra<\/strong> y <strong data-start=\"1749\" data-end=\"1767\">flor de azahar<\/strong>.<\/p>\n<\/li>\n<li data-start=\"1773\" data-end=\"1847\">\n<p data-start=\"1775\" data-end=\"1847\"><strong data-start=\"1775\" data-end=\"1793\">Notas de fondo<\/strong>: <strong data-start=\"1795\" data-end=\"1807\">Vainilla<\/strong>, <strong data-start=\"1809\" data-end=\"1830\">madera de s\u00e1ndalo<\/strong>, <strong data-start=\"1832\" data-end=\"1844\">almizcle<\/strong>.<\/p>\n<\/li>\n<\/ul>\n<p data-start=\"1854\" data-end=\"2195\">La fragancia comienza con la frescura de la <strong data-start=\"1898\" data-end=\"1911\">bergamota<\/strong> y la <strong data-start=\"1917\" data-end=\"1935\">flor de azahar<\/strong>, seguida de un toque dulce y envolvente de <strong data-start=\"1979\" data-end=\"1996\">az\u00facar moreno<\/strong> y <strong data-start=\"1999\" data-end=\"2011\">almendra<\/strong>. Finalmente, la calidez de la <strong data-start=\"2042\" data-end=\"2054\">vainilla<\/strong> y el <strong data-start=\"2060\" data-end=\"2071\">s\u00e1ndalo<\/strong> deja una <strong data-start=\"2081\" data-end=\"2099\">estela sensual<\/strong> y duradera, convirti\u00e9ndolo en un perfume ideal para la <strong data-start=\"2155\" data-end=\"2164\">noche<\/strong> o para ocasiones especiales.<\/p>\n<p data-start=\"2202\" data-end=\"2450\"><strong data-start=\"2202\" data-end=\"2229\">Dolce&amp;Gabbana Q Intense<\/strong> es la opci\u00f3n perfecta para mujeres modernas que buscan una fragancia <strong data-start=\"2299\" data-end=\"2321\">sutil pero intensa<\/strong>, elegante pero audaz. Ideal para el uso nocturno o eventos importantes, este perfume te har\u00e1 sentir <strong data-start=\"2422\" data-end=\"2431\">\u00fanica<\/strong> y <strong data-start=\"2434\" data-end=\"2447\">exclusiva<\/strong>.<\/p>\n<p data-start=\"2457\" data-end=\"2515\"><strong data-start=\"2457\" data-end=\"2515\">\u00bfPor qu\u00e9 elegir Dolce&amp;Gabbana Q Intense Eau de Parfum?<\/strong><\/p>\n<ul data-start=\"2518\" data-end=\"2771\">\n<li data-start=\"2518\" data-end=\"2565\">\n<p data-start=\"2520\" data-end=\"2565\"><strong data-start=\"2520\" data-end=\"2541\">Fragancia intensa<\/strong> que dura todo el d\u00eda.<\/p>\n<\/li>\n<li data-start=\"2568\" data-end=\"2632\">\n<p data-start=\"2570\" data-end=\"2632\">Perfume <strong data-start=\"2578\" data-end=\"2597\">floral y c\u00e1lido<\/strong>, con toques dulces y amaderados.<\/p>\n<\/li>\n<li data-start=\"2635\" data-end=\"2708\">\n<p data-start=\"2637\" data-end=\"2708\">Dise\u00f1o elegante y sofisticado, ideal para cualquier ocasi\u00f3n especial.<\/p>\n<\/li>\n<li data-start=\"2711\" data-end=\"2767\">\n<p data-start=\"2713\" data-end=\"2767\"><strong data-start=\"2713\" data-end=\"2738\">Duradera y envolvente<\/strong>, dejando una estela \u00fanica.<\/p>\n<\/li>\n<\/ul>\n<p data-start=\"2774\" data-end=\"2932\">\u00a1Haz clic en el bot\u00f3n <strong data-start=\"2796\" data-end=\"2819\">\u00abComprar en Amazon\u00bb<\/strong> para disfrutar de la fragancia exclusiva de <strong data-start=\"2864\" data-end=\"2891\">Dolce&amp;Gabbana Q Intense<\/strong> y llevar el lujo de la marca a tu hogar!<\/p>\n<p data-start=\"2774\" data-end=\"2932\"><a href=\"https:\/\/a.co\/d\/eeUiYNQ\">https:\/\/a.co\/d\/eeUiYNQ<\/a><\/p>","protected":false},"excerpt":{"rendered":"<p>Dolce&amp;Gabbana Q Intense Eau de Parfum Spray para Mujer es una fragancia de lujo que combina perfectamente lo floral, oriental y c\u00e1lido, creando una mezcla sofisticada que se adapta a mujeres con estilo y personalidad. Este perfume es una reinterpretaci\u00f3n moderna de la cl\u00e1sica fragancia Dolce&amp;Gabbana, ahora m\u00e1s intensa y envolvente. Notas principales: Notas de [&hellip;]<\/p>","protected":false},"featured_media":24464,"comment_status":"open","ping_status":"closed","template":"","meta":{"_acf_changed":false},"product_brand":[],"product_cat":[27,93],"product_tag":[],"class_list":{"0":"post-24463","1":"product","2":"type-product","3":"status-publish","4":"has-post-thumbnail","6":"product_cat-damas-mujer","7":"product_cat-perfumes-y-fragancias-belleza-y-cuidado-personal-damas-mujer","9":"first","10":"instock","11":"taxable","12":"shipping-taxable","13":"product-type-external"},"acf":[],"jetpack_sharing_enabled":true,"_links":{"self":[{"href":"https:\/\/edshipp.com\/en\/wp-json\/wp\/v2\/product\/24463","targetHints":{"allow":["GET"]}}],"collection":[{"href":"https:\/\/edshipp.com\/en\/wp-json\/wp\/v2\/product"}],"about":[{"href":"https:\/\/edshipp.com\/en\/wp-json\/wp\/v2\/types\/product"}],"replies":[{"embeddable":true,"href":"https:\/\/edshipp.com\/en\/wp-json\/wp\/v2\/comments?post=24463"}],"wp:featuredmedia":[{"embeddable":true,"href":"https:\/\/edshipp.com\/en\/wp-json\/wp\/v2\/media\/24464"}],"wp:attachment":[{"href":"https:\/\/edshipp.com\/en\/wp-json\/wp\/v2\/media?parent=24463"}],"wp:term":[{"taxonomy":"product_brand","embeddable":true,"href":"https:\/\/edshipp.com\/en\/wp-json\/wp\/v2\/product_brand?post=24463"},{"taxonomy":"product_cat","embeddable":true,"href":"https:\/\/edshipp.com\/en\/wp-json\/wp\/v2\/product_cat?post=24463"},{"taxonomy":"product_tag","embeddable":true,"href":"https:\/\/edshipp.com\/en\/wp-json\/wp\/v2\/product_tag?post=24463"}],"curies":[{"name":"wp","href":"https:\/\/api.w.org\/{rel}","templated":true}]}}