{"id":24458,"date":"2026-01-03T16:01:07","date_gmt":"2026-01-03T16:01:07","guid":{"rendered":"https:\/\/edshipp.com\/?post_type=product&#038;p=24458"},"modified":"2026-01-20T00:02:25","modified_gmt":"2026-01-20T00:02:25","slug":"viktorrolf-tiger-lily-eau-de-parfum-perfum-para-mujer-floral-ambery-y-afrutado-con-notas-de-coco-y-mango","status":"publish","type":"product","link":"https:\/\/edshipp.com\/en\/product\/viktorrolf-tiger-lily-eau-de-parfum-perfum-para-mujer-floral-ambery-y-afrutado-con-notas-de-coco-y-mango\/","title":{"rendered":"Viktor&#038;Rolf &#8211; Tiger Lily Eau de Parfum &#8211; Perfum para Mujer."},"content":{"rendered":"<p data-start=\"1199\" data-end=\"1465\"><strong data-start=\"1199\" data-end=\"1239\">Viktor&amp;Rolf Tiger Lily Eau de Parfum<\/strong> es una fragancia \u00fanica y elegante que encarna la belleza de lo ex\u00f3tico. Este perfume <strong data-start=\"1325\" data-end=\"1356\">floral, afrutado y ambarino<\/strong> est\u00e1 dise\u00f1ado para mujeres modernas y sofisticadas que buscan una fragancia tropical con un toque de lujo.<\/p>\n<p data-start=\"1199\" data-end=\"1465\">Floral, Ambery y Afrutado &#8211; Con Notas de Coco y Mango.<\/p>\n<p data-start=\"1472\" data-end=\"1494\"><strong data-start=\"1472\" data-end=\"1493\">Notas principales<\/strong>:<\/p>\n<ul data-start=\"1497\" data-end=\"1680\">\n<li data-start=\"1497\" data-end=\"1556\">\n<p data-start=\"1499\" data-end=\"1556\"><strong data-start=\"1499\" data-end=\"1518\">Notas de salida<\/strong>: <strong data-start=\"1520\" data-end=\"1529\">Mango<\/strong> y <strong data-start=\"1532\" data-end=\"1553\">frutas tropicales<\/strong>.<\/p>\n<\/li>\n<li data-start=\"1559\" data-end=\"1615\">\n<p data-start=\"1561\" data-end=\"1615\"><strong data-start=\"1561\" data-end=\"1581\">Notas de coraz\u00f3n<\/strong>: <strong data-start=\"1583\" data-end=\"1592\">Lirio<\/strong>, <strong data-start=\"1594\" data-end=\"1612\">flor de azahar<\/strong>.<\/p>\n<\/li>\n<li data-start=\"1618\" data-end=\"1676\">\n<p data-start=\"1620\" data-end=\"1676\"><strong data-start=\"1620\" data-end=\"1638\">Notas de fondo<\/strong>: <strong data-start=\"1640\" data-end=\"1648\">Coco<\/strong>, <strong data-start=\"1650\" data-end=\"1659\">ambar<\/strong>, <strong data-start=\"1661\" data-end=\"1673\">almizcle<\/strong>.<\/p>\n<\/li>\n<\/ul>\n<p data-start=\"1683\" data-end=\"2100\">Con la frescura de las <strong data-start=\"1706\" data-end=\"1727\">frutas tropicales<\/strong> y la dulzura del <strong data-start=\"1745\" data-end=\"1753\">coco<\/strong> y el <strong data-start=\"1759\" data-end=\"1768\">mango<\/strong>, <strong data-start=\"1770\" data-end=\"1796\">Viktor&amp;Rolf Tiger Lily<\/strong> ofrece una experiencia sensorial ex\u00f3tica que te envuelve en una fragancia suave pero sofisticada. La <strong data-start=\"1898\" data-end=\"1916\">flor de azahar<\/strong> en el coraz\u00f3n de la fragancia a\u00f1ade un toque delicado y femenino, mientras que las notas de <strong data-start=\"2009\" data-end=\"2018\">ambar<\/strong> y <strong data-start=\"2021\" data-end=\"2033\">almizcle<\/strong> aportan una base c\u00e1lida que mantiene la fragancia durante horas.<\/p>\n<p data-start=\"2107\" data-end=\"2414\">Esta fragancia es perfecta para <strong data-start=\"2139\" data-end=\"2161\">primavera y verano<\/strong>, y su naturaleza fresca y afrutada la hace ideal para el uso diario o para ocasiones especiales en las que quieras destacar. Adem\u00e1s, su elegante botella, inspirada en la belleza del <strong data-start=\"2344\" data-end=\"2353\">tigre<\/strong>, refleja la <strong data-start=\"2366\" data-end=\"2395\">fuerza y la sofisticaci\u00f3n<\/strong> de la fragancia.<\/p>\n<p data-start=\"2421\" data-end=\"2478\"><strong data-start=\"2421\" data-end=\"2478\">\u00bfPor qu\u00e9 elegir Viktor&amp;Rolf Tiger Lily Eau de Parfum?<\/strong><\/p>\n<ul data-start=\"2481\" data-end=\"2790\">\n<li data-start=\"2481\" data-end=\"2546\">\n<p data-start=\"2483\" data-end=\"2546\">Fragancia <strong data-start=\"2493\" data-end=\"2524\">floral, ambarina y afrutada<\/strong>, fresca y tropical.<\/p>\n<\/li>\n<li data-start=\"2549\" data-end=\"2627\">\n<p data-start=\"2551\" data-end=\"2627\"><strong data-start=\"2551\" data-end=\"2576\">Duradera y envolvente<\/strong>, perfecta para d\u00edas c\u00e1lidos o noches tropicales.<\/p>\n<\/li>\n<li data-start=\"2630\" data-end=\"2711\">\n<p data-start=\"2632\" data-end=\"2711\">Ideal para quienes buscan un perfume que combine <strong data-start=\"2681\" data-end=\"2708\">dulzura y sofisticaci\u00f3n<\/strong>.<\/p>\n<\/li>\n<li data-start=\"2714\" data-end=\"2786\">\n<p data-start=\"2716\" data-end=\"2786\"><strong data-start=\"2716\" data-end=\"2736\">Botella elegante<\/strong> y exclusiva que refleja el lujo de Viktor&amp;Rolf.<\/p>\n<\/li>\n<\/ul>\n<p data-start=\"2793\" data-end=\"2942\">\u00a1Haz clic en el bot\u00f3n <strong data-start=\"2815\" data-end=\"2838\">\u00abComprar en Amazon\u00bb<\/strong> para disfrutar de la fragancia ex\u00f3tica y fresca de <strong data-start=\"2890\" data-end=\"2916\">Viktor&amp;Rolf Tiger Lily<\/strong> directamente en tu hogar!<\/p>","protected":false},"excerpt":{"rendered":"<p>Viktor&amp;Rolf Tiger Lily Eau de Parfum es una fragancia \u00fanica y elegante que encarna la belleza de lo ex\u00f3tico. Este perfume floral, afrutado y ambarino est\u00e1 dise\u00f1ado para mujeres modernas y sofisticadas que buscan una fragancia tropical con un toque de lujo. Floral, Ambery y Afrutado &#8211; Con Notas de Coco y Mango. Notas principales: [&hellip;]<\/p>","protected":false},"featured_media":24461,"comment_status":"open","ping_status":"closed","template":"","meta":{"_acf_changed":false},"product_brand":[],"product_cat":[92,27,93],"product_tag":[],"class_list":{"0":"post-24458","1":"product","2":"type-product","3":"status-publish","4":"has-post-thumbnail","6":"product_cat-belleza-y-cuidado-personal-damas-mujer","7":"product_cat-damas-mujer","8":"product_cat-perfumes-y-fragancias-belleza-y-cuidado-personal-damas-mujer","10":"first","11":"instock","12":"taxable","13":"shipping-taxable","14":"product-type-external"},"acf":[],"jetpack_sharing_enabled":true,"_links":{"self":[{"href":"https:\/\/edshipp.com\/en\/wp-json\/wp\/v2\/product\/24458","targetHints":{"allow":["GET"]}}],"collection":[{"href":"https:\/\/edshipp.com\/en\/wp-json\/wp\/v2\/product"}],"about":[{"href":"https:\/\/edshipp.com\/en\/wp-json\/wp\/v2\/types\/product"}],"replies":[{"embeddable":true,"href":"https:\/\/edshipp.com\/en\/wp-json\/wp\/v2\/comments?post=24458"}],"wp:featuredmedia":[{"embeddable":true,"href":"https:\/\/edshipp.com\/en\/wp-json\/wp\/v2\/media\/24461"}],"wp:attachment":[{"href":"https:\/\/edshipp.com\/en\/wp-json\/wp\/v2\/media?parent=24458"}],"wp:term":[{"taxonomy":"product_brand","embeddable":true,"href":"https:\/\/edshipp.com\/en\/wp-json\/wp\/v2\/product_brand?post=24458"},{"taxonomy":"product_cat","embeddable":true,"href":"https:\/\/edshipp.com\/en\/wp-json\/wp\/v2\/product_cat?post=24458"},{"taxonomy":"product_tag","embeddable":true,"href":"https:\/\/edshipp.com\/en\/wp-json\/wp\/v2\/product_tag?post=24458"}],"curies":[{"name":"wp","href":"https:\/\/api.w.org\/{rel}","templated":true}]}}