{"id":24455,"date":"2026-01-03T15:51:28","date_gmt":"2026-01-03T15:51:28","guid":{"rendered":"https:\/\/edshipp.com\/?post_type=product&#038;p=24455"},"modified":"2026-01-20T00:02:33","modified_gmt":"2026-01-20T00:02:33","slug":"versace-cristal-brillante-para-mujer-3-0-oz-parfum-spray","status":"publish","type":"product","link":"https:\/\/edshipp.com\/en\/product\/versace-cristal-brillante-para-mujer-3-0-oz-parfum-spray\/","title":{"rendered":"Versace Cristal brillante para mujer 3.0 oz Parfum Spray"},"content":{"rendered":"<p data-start=\"1341\" data-end=\"1603\"><strong data-start=\"1341\" data-end=\"1379\">Versace Crystal Noir Eau de Parfum<\/strong> es una fragancia femenina ic\u00f3nica que captura la esencia de la <strong data-start=\"1443\" data-end=\"1458\">sensualidad<\/strong> y el <strong data-start=\"1464\" data-end=\"1472\">lujo<\/strong>. Esta fragancia oriental floral est\u00e1 dise\u00f1ada para la mujer moderna y sofisticada que busca una fragancia intrigante y duradera.<\/p>\n<p data-start=\"1610\" data-end=\"1632\"><strong data-start=\"1610\" data-end=\"1631\">Notas principales<\/strong>:<\/p>\n<ul data-start=\"1635\" data-end=\"1817\">\n<li data-start=\"1635\" data-end=\"1694\">\n<p data-start=\"1637\" data-end=\"1694\"><strong data-start=\"1637\" data-end=\"1656\">Notas de salida<\/strong>: <strong data-start=\"1658\" data-end=\"1676\">Flor de azahar<\/strong>, <strong data-start=\"1678\" data-end=\"1691\">cardamomo<\/strong>.<\/p>\n<\/li>\n<li data-start=\"1697\" data-end=\"1746\">\n<p data-start=\"1699\" data-end=\"1746\"><strong data-start=\"1699\" data-end=\"1719\">Notas de coraz\u00f3n<\/strong>: <strong data-start=\"1721\" data-end=\"1731\">Jazm\u00edn<\/strong>, <strong data-start=\"1733\" data-end=\"1743\">peon\u00eda<\/strong>.<\/p>\n<\/li>\n<li data-start=\"1749\" data-end=\"1813\">\n<p data-start=\"1751\" data-end=\"1813\"><strong data-start=\"1751\" data-end=\"1769\">Notas de fondo<\/strong>: <strong data-start=\"1771\" data-end=\"1782\">S\u00e1ndalo<\/strong>, <strong data-start=\"1784\" data-end=\"1796\">almizcle<\/strong>, <strong data-start=\"1798\" data-end=\"1810\">vainilla<\/strong>.<\/p>\n<\/li>\n<\/ul>\n<p data-start=\"1820\" data-end=\"2098\">La combinaci\u00f3n de <strong data-start=\"1838\" data-end=\"1858\">flores delicadas<\/strong> y <strong data-start=\"1861\" data-end=\"1880\">maderas c\u00e1lidas<\/strong> crea una fragancia envolvente que perdura por horas, dejando una estela sofisticada y femenina. Esta fragancia es <strong data-start=\"1995\" data-end=\"2028\">ideal para eventos especiales<\/strong>, salidas nocturnas o cuando quieras sentirte <strong data-start=\"2074\" data-end=\"2095\">\u00fanica y atractiva<\/strong>.<\/p>\n<p data-start=\"2105\" data-end=\"2324\">El dise\u00f1o de la botella de <strong data-start=\"2132\" data-end=\"2156\">Versace Crystal Noir<\/strong> es tan elegante como la fragancia misma. Con su acabado negro y detalles dorados, esta botella se convierte en una pieza de lujo que reflejar\u00e1 tu estilo sofisticado.<\/p>\n<p data-start=\"2331\" data-end=\"2372\"><strong data-start=\"2331\" data-end=\"2372\">\u00bfPor qu\u00e9 elegir Versace Crystal Noir?<\/strong><\/p>\n<ul data-start=\"2375\" data-end=\"2679\">\n<li data-start=\"2375\" data-end=\"2440\">\n<p data-start=\"2377\" data-end=\"2440\">Fragancia <strong data-start=\"2387\" data-end=\"2406\">floral oriental<\/strong> que combina frescura y calidez.<\/p>\n<\/li>\n<li data-start=\"2443\" data-end=\"2517\">\n<p data-start=\"2445\" data-end=\"2517\">Elegante y seductora, ideal para la noche o para ocasiones especiales.<\/p>\n<\/li>\n<li data-start=\"2520\" data-end=\"2591\">\n<p data-start=\"2522\" data-end=\"2591\"><strong data-start=\"2522\" data-end=\"2539\">Alta duraci\u00f3n<\/strong> que te acompa\u00f1ar\u00e1 durante todo el d\u00eda o la noche.<\/p>\n<\/li>\n<li data-start=\"2594\" data-end=\"2675\">\n<p data-start=\"2596\" data-end=\"2675\">Perfume de lujo de <strong data-start=\"2615\" data-end=\"2626\">Versace<\/strong>, una marca sin\u00f3nimo de elegancia y distinci\u00f3n.<\/p>\n<\/li>\n<\/ul>\n<p data-start=\"2682\" data-end=\"2795\">\u00a1Haz clic en el bot\u00f3n <strong data-start=\"2704\" data-end=\"2727\">\u00abComprar en Amazon\u00bb<\/strong> y disfruta de <strong data-start=\"2742\" data-end=\"2766\">Versace Crystal Noir<\/strong> en la comodidad de tu hogar!<\/p>","protected":false},"excerpt":{"rendered":"<p>Versace Crystal Noir Eau de Parfum es una fragancia femenina ic\u00f3nica que captura la esencia de la sensualidad y el lujo. Esta fragancia oriental floral est\u00e1 dise\u00f1ada para la mujer moderna y sofisticada que busca una fragancia intrigante y duradera. Notas principales: Notas de salida: Flor de azahar, cardamomo. Notas de coraz\u00f3n: Jazm\u00edn, peon\u00eda. Notas [&hellip;]<\/p>","protected":false},"featured_media":24456,"comment_status":"open","ping_status":"closed","template":"","meta":{"_acf_changed":false},"product_brand":[],"product_cat":[27],"product_tag":[],"class_list":{"0":"post-24455","1":"product","2":"type-product","3":"status-publish","4":"has-post-thumbnail","6":"product_cat-damas-mujer","8":"first","9":"instock","10":"taxable","11":"shipping-taxable","12":"product-type-external"},"acf":[],"jetpack_sharing_enabled":true,"_links":{"self":[{"href":"https:\/\/edshipp.com\/en\/wp-json\/wp\/v2\/product\/24455","targetHints":{"allow":["GET"]}}],"collection":[{"href":"https:\/\/edshipp.com\/en\/wp-json\/wp\/v2\/product"}],"about":[{"href":"https:\/\/edshipp.com\/en\/wp-json\/wp\/v2\/types\/product"}],"replies":[{"embeddable":true,"href":"https:\/\/edshipp.com\/en\/wp-json\/wp\/v2\/comments?post=24455"}],"wp:featuredmedia":[{"embeddable":true,"href":"https:\/\/edshipp.com\/en\/wp-json\/wp\/v2\/media\/24456"}],"wp:attachment":[{"href":"https:\/\/edshipp.com\/en\/wp-json\/wp\/v2\/media?parent=24455"}],"wp:term":[{"taxonomy":"product_brand","embeddable":true,"href":"https:\/\/edshipp.com\/en\/wp-json\/wp\/v2\/product_brand?post=24455"},{"taxonomy":"product_cat","embeddable":true,"href":"https:\/\/edshipp.com\/en\/wp-json\/wp\/v2\/product_cat?post=24455"},{"taxonomy":"product_tag","embeddable":true,"href":"https:\/\/edshipp.com\/en\/wp-json\/wp\/v2\/product_tag?post=24455"}],"curies":[{"name":"wp","href":"https:\/\/api.w.org\/{rel}","templated":true}]}}