{"id":24451,"date":"2026-01-03T15:43:35","date_gmt":"2026-01-03T15:43:35","guid":{"rendered":"https:\/\/edshipp.com\/?post_type=product&#038;p=24451"},"modified":"2026-02-08T10:45:09","modified_gmt":"2026-02-08T10:45:09","slug":"viktorrolf-flowerbomb-ruby-orchid-eau-de-parfum-perfume-mujer-floral-y-afrutado-con-notas-de-vainilla-y-melocoton","status":"publish","type":"product","link":"https:\/\/edshipp.com\/en\/product\/viktorrolf-flowerbomb-ruby-orchid-eau-de-parfum-perfume-mujer-floral-y-afrutado-con-notas-de-vainilla-y-melocoton\/","title":{"rendered":"Viktor&#038;Rolf &#8211; Flowerbomb Ruby Orchid Eau de Parfum &#8211; Perfume Mujer."},"content":{"rendered":"<p data-start=\"1244\" data-end=\"1555\"><strong data-start=\"1244\" data-end=\"1296\">Viktor&amp;Rolf Flowerbomb Ruby Orchid Eau de Parfum<\/strong> es una fragancia <strong data-start=\"1314\" data-end=\"1338\">seductora y femenina<\/strong> que pertenece a la familia floral y afrutada. Esta versi\u00f3n de <strong data-start=\"1401\" data-end=\"1415\">Flowerbomb<\/strong> es una reinterpretaci\u00f3n moderna y deliciosa, dise\u00f1ada para mujeres que buscan una fragancia \u00fanica, sofisticada y con un toque de dulzura.<\/p>\n<p data-start=\"1244\" data-end=\"1555\">Floral y Afrutado &#8211; Con Notas de Vainilla y Melocot\u00f3n.<\/p>\n<p data-start=\"1562\" data-end=\"1586\"><strong data-start=\"1562\" data-end=\"1583\">Notas principales<\/strong>:<\/p>\n<ul data-start=\"1589\" data-end=\"1764\">\n<li data-start=\"1589\" data-end=\"1644\">\n<p data-start=\"1591\" data-end=\"1644\"><strong data-start=\"1591\" data-end=\"1610\">Notas de salida<\/strong>: <strong data-start=\"1612\" data-end=\"1625\">Melocot\u00f3n<\/strong> y <strong data-start=\"1628\" data-end=\"1641\">frambuesa<\/strong>.<\/p>\n<\/li>\n<li data-start=\"1647\" data-end=\"1706\">\n<p data-start=\"1649\" data-end=\"1706\"><strong data-start=\"1649\" data-end=\"1669\">Notas de coraz\u00f3n<\/strong>: <strong data-start=\"1671\" data-end=\"1688\">Orqu\u00eddea roja<\/strong> y <strong data-start=\"1691\" data-end=\"1703\">vainilla<\/strong>.<\/p>\n<\/li>\n<li data-start=\"1709\" data-end=\"1760\">\n<p data-start=\"1711\" data-end=\"1760\"><strong data-start=\"1711\" data-end=\"1729\">Notas de fondo<\/strong>: <strong data-start=\"1731\" data-end=\"1742\">S\u00e1ndalo<\/strong> y <strong data-start=\"1745\" data-end=\"1757\">almizcle<\/strong>.<\/p>\n<\/li>\n<\/ul>\n<p data-start=\"1767\" data-end=\"2058\">La fragancia comienza con una explosi\u00f3n afrutada y refrescante de <strong data-start=\"1833\" data-end=\"1846\">melocot\u00f3n<\/strong> y <strong data-start=\"1849\" data-end=\"1862\">frambuesa<\/strong>, para luego evolucionar hacia un coraz\u00f3n floral cremoso de <strong data-start=\"1922\" data-end=\"1939\">orqu\u00eddea roja<\/strong>, mientras las notas c\u00e1lidas de <strong data-start=\"1971\" data-end=\"1983\">vainilla<\/strong> y un toque sutil de <strong data-start=\"2004\" data-end=\"2016\">almizcle<\/strong> dejan una estela seductora que perdura.<\/p>\n<p data-start=\"2065\" data-end=\"2351\"><strong data-start=\"2065\" data-end=\"2103\">Viktor&amp;Rolf Flowerbomb Ruby Orchid<\/strong> es el perfume ideal para mujeres modernas que desean una fragancia que combine lo <strong data-start=\"2186\" data-end=\"2196\">floral<\/strong> y lo <strong data-start=\"2202\" data-end=\"2212\">frutal<\/strong>, con un toque de elegancia. Su <strong data-start=\"2244\" data-end=\"2274\">botella de dise\u00f1o elegante<\/strong> y <strong data-start=\"2277\" data-end=\"2287\">lujoso<\/strong> tambi\u00e9n refleja la sofisticaci\u00f3n de esta exquisita fragancia.<\/p>\n<p data-start=\"2358\" data-end=\"2401\"><strong data-start=\"2358\" data-end=\"2401\">\u00bfPor qu\u00e9 elegir Flowerbomb Ruby Orchid?<\/strong><\/p>\n<ul data-start=\"2404\" data-end=\"2668\">\n<li data-start=\"2404\" data-end=\"2466\">\n<p data-start=\"2406\" data-end=\"2466\"><strong data-start=\"2406\" data-end=\"2435\">Notas frutales y florales<\/strong> con un toque c\u00e1lido y dulce.<\/p>\n<\/li>\n<li data-start=\"2469\" data-end=\"2522\">\n<p data-start=\"2471\" data-end=\"2522\">Elegante y moderna, ideal para cualquier ocasi\u00f3n.<\/p>\n<\/li>\n<li data-start=\"2525\" data-end=\"2580\">\n<p data-start=\"2527\" data-end=\"2580\">Perfume de alta duraci\u00f3n que deja una estela \u00fanica.<\/p>\n<\/li>\n<li data-start=\"2583\" data-end=\"2664\">\n<p data-start=\"2585\" data-end=\"2664\">Perfecto para <strong data-start=\"2599\" data-end=\"2610\">regalar<\/strong> o disfrutar de una experiencia sensorial exclusiva.<\/p>\n<\/li>\n<\/ul>\n<p data-start=\"2671\" data-end=\"2813\">\u00a1Haz clic en el bot\u00f3n <strong data-start=\"2693\" data-end=\"2716\">\u00abComprar en Amazon\u00bb<\/strong> para obtener este perfume de lujo y disfrutar de su frescura y dulzura directamente en tu hogar!<\/p>","protected":false},"excerpt":{"rendered":"<p>Viktor&amp;Rolf Flowerbomb Ruby Orchid Eau de Parfum es una fragancia seductora y femenina que pertenece a la familia floral y afrutada. Esta versi\u00f3n de Flowerbomb es una reinterpretaci\u00f3n moderna y deliciosa, dise\u00f1ada para mujeres que buscan una fragancia \u00fanica, sofisticada y con un toque de dulzura. Floral y Afrutado &#8211; Con Notas de Vainilla y [&hellip;]<\/p>","protected":false},"featured_media":24452,"comment_status":"open","ping_status":"closed","template":"","meta":{"_acf_changed":false},"product_brand":[],"product_cat":[27,93],"product_tag":[],"class_list":{"0":"post-24451","1":"product","2":"type-product","3":"status-publish","4":"has-post-thumbnail","6":"product_cat-damas-mujer","7":"product_cat-perfumes-y-fragancias-belleza-y-cuidado-personal-damas-mujer","9":"first","10":"instock","11":"taxable","12":"shipping-taxable","13":"product-type-external"},"acf":[],"jetpack_sharing_enabled":true,"_links":{"self":[{"href":"https:\/\/edshipp.com\/en\/wp-json\/wp\/v2\/product\/24451","targetHints":{"allow":["GET"]}}],"collection":[{"href":"https:\/\/edshipp.com\/en\/wp-json\/wp\/v2\/product"}],"about":[{"href":"https:\/\/edshipp.com\/en\/wp-json\/wp\/v2\/types\/product"}],"replies":[{"embeddable":true,"href":"https:\/\/edshipp.com\/en\/wp-json\/wp\/v2\/comments?post=24451"}],"wp:featuredmedia":[{"embeddable":true,"href":"https:\/\/edshipp.com\/en\/wp-json\/wp\/v2\/media\/24452"}],"wp:attachment":[{"href":"https:\/\/edshipp.com\/en\/wp-json\/wp\/v2\/media?parent=24451"}],"wp:term":[{"taxonomy":"product_brand","embeddable":true,"href":"https:\/\/edshipp.com\/en\/wp-json\/wp\/v2\/product_brand?post=24451"},{"taxonomy":"product_cat","embeddable":true,"href":"https:\/\/edshipp.com\/en\/wp-json\/wp\/v2\/product_cat?post=24451"},{"taxonomy":"product_tag","embeddable":true,"href":"https:\/\/edshipp.com\/en\/wp-json\/wp\/v2\/product_tag?post=24451"}],"curies":[{"name":"wp","href":"https:\/\/api.w.org\/{rel}","templated":true}]}}