{"id":24449,"date":"2026-01-03T15:35:28","date_gmt":"2026-01-03T15:35:28","guid":{"rendered":"https:\/\/edshipp.com\/?post_type=product&#038;p=24449"},"modified":"2026-02-08T10:46:47","modified_gmt":"2026-02-08T10:46:47","slug":"marc-jacobs-marc-jacobs-daisy-dream-eau-de-toilette-floral-womens-perfume-with-notes-of-blackberry-jasmine-lychee-white-woods","status":"publish","type":"product","link":"https:\/\/edshipp.com\/en\/product\/marc-jacobs-marc-jacobs-daisy-dream-eau-de-toilette-floral-womens-perfume-with-notes-of-blackberry-jasmine-lychee-white-woods\/","title":{"rendered":"Marc Jacobs Marc Jacobs Daisy Dream Eau de Toilette \u2013 Floral Women&#8217;s Perfume."},"content":{"rendered":"<p data-start=\"1241\" data-end=\"1540\"><strong data-start=\"1241\" data-end=\"1284\">Marc Jacobs Daisy Dream Eau de Toilette<\/strong> para mujer es una fragancia floral y afrutada que te transporta a un mundo de frescura y elegancia. Inspirado en la naturaleza y en los sue\u00f1os de libertad, este perfume es perfecto para mujeres modernas que buscan una fragancia delicada, pero memorable.<\/p>\n<p data-start=\"1241\" data-end=\"1540\">With Notes of Blackberry, Jasmine, Lychee &amp; White Woods.<\/p>\n<p data-start=\"1547\" data-end=\"1569\"><strong data-start=\"1547\" data-end=\"1568\">Notas principales<\/strong>:<\/p>\n<ul data-start=\"1572\" data-end=\"1750\">\n<li data-start=\"1572\" data-end=\"1619\">\n<p data-start=\"1574\" data-end=\"1619\"><strong data-start=\"1574\" data-end=\"1593\">Notas de salida<\/strong>: <strong data-start=\"1595\" data-end=\"1603\">Mora<\/strong> y <strong data-start=\"1606\" data-end=\"1616\">Lychee<\/strong>.<\/p>\n<\/li>\n<li data-start=\"1622\" data-end=\"1674\">\n<p data-start=\"1624\" data-end=\"1674\"><strong data-start=\"1624\" data-end=\"1644\">Notas de coraz\u00f3n<\/strong>: <strong data-start=\"1646\" data-end=\"1656\">Jazm\u00edn<\/strong> y <strong data-start=\"1659\" data-end=\"1671\">Violetas<\/strong>.<\/p>\n<\/li>\n<li data-start=\"1677\" data-end=\"1746\">\n<p data-start=\"1679\" data-end=\"1746\"><strong data-start=\"1679\" data-end=\"1697\">Notas de fondo<\/strong>: <strong data-start=\"1699\" data-end=\"1718\">Maderas blancas<\/strong>, <strong data-start=\"1720\" data-end=\"1732\">almizcle<\/strong> y <strong data-start=\"1735\" data-end=\"1743\">coco<\/strong>.<\/p>\n<\/li>\n<\/ul>\n<p data-start=\"1753\" data-end=\"2030\">La mezcla de <strong data-start=\"1766\" data-end=\"1784\">frutas frescas<\/strong> y <strong data-start=\"1787\" data-end=\"1807\">flores delicadas<\/strong> hace de <strong data-start=\"1816\" data-end=\"1843\">Marc Jacobs Daisy Dream<\/strong> una fragancia ideal para el uso diario. Su aroma es ligero, pero duradero, lo que lo convierte en la elecci\u00f3n perfecta para cualquier temporada, especialmente la primavera y el verano.<\/p>\n<p data-start=\"2037\" data-end=\"2223\">La elegante botella, con su dise\u00f1o moderno y femenino, refleja la esencia de la fragancia, mientras que el <strong data-start=\"2144\" data-end=\"2160\">tap\u00f3n floral<\/strong> en la parte superior a\u00f1ade un toque \u00fanico a su presentaci\u00f3n.<\/p>\n<p data-start=\"2230\" data-end=\"2290\"><strong data-start=\"2230\" data-end=\"2290\">\u00bfPor qu\u00e9 elegir Marc Jacobs Daisy Dream Eau de Toilette?<\/strong><\/p>\n<ul data-start=\"2293\" data-end=\"2576\">\n<li data-start=\"2293\" data-end=\"2342\">\n<p data-start=\"2295\" data-end=\"2342\">Fragancia floral y afrutada, fresca y ligera.<\/p>\n<\/li>\n<li data-start=\"2345\" data-end=\"2426\">\n<p data-start=\"2347\" data-end=\"2426\">Perfecto para cualquier ocasi\u00f3n, desde el d\u00eda a d\u00eda hasta eventos especiales.<\/p>\n<\/li>\n<li data-start=\"2429\" data-end=\"2503\">\n<p data-start=\"2431\" data-end=\"2503\">Dise\u00f1ado para mujeres que buscan una fragancia sutil pero sofisticada.<\/p>\n<\/li>\n<li data-start=\"2506\" data-end=\"2572\">\n<p data-start=\"2508\" data-end=\"2572\">Elegante botella que refleja el estilo moderno de Marc Jacobs.<\/p>\n<\/li>\n<\/ul>\n<p data-start=\"2579\" data-end=\"2746\">\u00a1Haz clic en el bot\u00f3n <strong data-start=\"2601\" data-end=\"2624\">\u00abComprar en Amazon\u00bb<\/strong> para obtener <strong data-start=\"2638\" data-end=\"2665\">Marc Jacobs Daisy Dream<\/strong> y disfrutar de la frescura y elegancia de este perfume directamente en tu hogar!<\/p>","protected":false},"excerpt":{"rendered":"<p>Marc Jacobs Daisy Dream Eau de Toilette para mujer es una fragancia floral y afrutada que te transporta a un mundo de frescura y elegancia. Inspirado en la naturaleza y en los sue\u00f1os de libertad, este perfume es perfecto para mujeres modernas que buscan una fragancia delicada, pero memorable. With Notes of Blackberry, Jasmine, Lychee [&hellip;]<\/p>","protected":false},"featured_media":24450,"comment_status":"open","ping_status":"closed","template":"","meta":{"_acf_changed":false},"product_brand":[],"product_cat":[93],"product_tag":[],"class_list":{"0":"post-24449","1":"product","2":"type-product","3":"status-publish","4":"has-post-thumbnail","6":"product_cat-perfumes-y-fragancias-belleza-y-cuidado-personal-damas-mujer","8":"first","9":"instock","10":"taxable","11":"shipping-taxable","12":"product-type-external"},"acf":[],"jetpack_sharing_enabled":true,"_links":{"self":[{"href":"https:\/\/edshipp.com\/en\/wp-json\/wp\/v2\/product\/24449","targetHints":{"allow":["GET"]}}],"collection":[{"href":"https:\/\/edshipp.com\/en\/wp-json\/wp\/v2\/product"}],"about":[{"href":"https:\/\/edshipp.com\/en\/wp-json\/wp\/v2\/types\/product"}],"replies":[{"embeddable":true,"href":"https:\/\/edshipp.com\/en\/wp-json\/wp\/v2\/comments?post=24449"}],"wp:featuredmedia":[{"embeddable":true,"href":"https:\/\/edshipp.com\/en\/wp-json\/wp\/v2\/media\/24450"}],"wp:attachment":[{"href":"https:\/\/edshipp.com\/en\/wp-json\/wp\/v2\/media?parent=24449"}],"wp:term":[{"taxonomy":"product_brand","embeddable":true,"href":"https:\/\/edshipp.com\/en\/wp-json\/wp\/v2\/product_brand?post=24449"},{"taxonomy":"product_cat","embeddable":true,"href":"https:\/\/edshipp.com\/en\/wp-json\/wp\/v2\/product_cat?post=24449"},{"taxonomy":"product_tag","embeddable":true,"href":"https:\/\/edshipp.com\/en\/wp-json\/wp\/v2\/product_tag?post=24449"}],"curies":[{"name":"wp","href":"https:\/\/api.w.org\/{rel}","templated":true}]}}