{"id":24445,"date":"2026-01-03T15:24:06","date_gmt":"2026-01-03T15:24:06","guid":{"rendered":"https:\/\/edshipp.com\/?post_type=product&#038;p=24445"},"modified":"2026-02-08T10:51:56","modified_gmt":"2026-02-08T10:51:56","slug":"marc-jacobs-marc-jacobs-daisy-love-eau-so-sweet-eau-de-toilette-floral-womens-perfume-with-notes-of-white-raspberries-daisy-petals-sweet-musk","status":"publish","type":"product","link":"https:\/\/edshipp.com\/en\/product\/marc-jacobs-marc-jacobs-daisy-love-eau-so-sweet-eau-de-toilette-floral-womens-perfume-with-notes-of-white-raspberries-daisy-petals-sweet-musk\/","title":{"rendered":"Marc Jacobs Marc Jacobs Daisy Love Eau So Sweet Eau de Toilette \u2013 Floral Women&#8217;s Perfume."},"content":{"rendered":"<p data-start=\"1258\" data-end=\"1523\"><strong data-start=\"1258\" data-end=\"1279\">Marc Jacobs Daisy<\/strong> es una de las fragancias m\u00e1s ic\u00f3nicas de la marca, ideal para mujeres modernas y elegantes. Con una mezcla fresca y floral de <strong data-start=\"1406\" data-end=\"1459\">notas de salida de fresas, hojas verdes y violeta<\/strong>, este perfume crea una primera impresi\u00f3n delicada y vibrante.<\/p>\n<p data-start=\"1258\" data-end=\"1523\">With Notes of White Raspberries, Daisy Petals &amp; Sweet Musk.<\/p>\n<p data-start=\"1530\" data-end=\"1777\">En el coraz\u00f3n de la fragancia, las notas de <strong data-start=\"1574\" data-end=\"1601\">jazm\u00edn, gardenia y rosa<\/strong> a\u00f1aden una suavidad sensual que te acompa\u00f1ar\u00e1 durante todo el d\u00eda. Finalmente, el toque de <strong data-start=\"1693\" data-end=\"1723\">almizcle, cedro y vainilla<\/strong> en las notas de fondo le da profundidad y duraci\u00f3n.<\/p>\n<p data-start=\"1784\" data-end=\"1922\">Con <strong data-start=\"1788\" data-end=\"1808\">3.4 oz EDP Spray<\/strong>, este perfume es ideal para el uso diario o para ocasiones especiales, ya que su aroma es elegante y atemporal.<\/p>\n<p data-start=\"1929\" data-end=\"1967\"><strong data-start=\"1929\" data-end=\"1967\">\u00bfPor qu\u00e9 elegir Marc Jacobs Daisy?<\/strong><\/p>\n<ul data-start=\"1970\" data-end=\"2192\">\n<li data-start=\"1970\" data-end=\"2009\">\n<p data-start=\"1972\" data-end=\"2009\">Fragancia floral fresca y femenina.<\/p>\n<\/li>\n<li data-start=\"2012\" data-end=\"2051\">\n<p data-start=\"2014\" data-end=\"2051\">Perfecto para todas las estaciones.<\/p>\n<\/li>\n<li data-start=\"2054\" data-end=\"2102\">\n<p data-start=\"2056\" data-end=\"2102\">Dise\u00f1o elegante y sofisticado en su botella.<\/p>\n<\/li>\n<li data-start=\"2105\" data-end=\"2192\">\n<p data-start=\"2107\" data-end=\"2192\">Compra ahora en Amazon con un solo clic y recibe tu perfume directamente en tu hogar.<\/p>\n<\/li>\n<\/ul>","protected":false},"excerpt":{"rendered":"<p>Marc Jacobs Daisy es una de las fragancias m\u00e1s ic\u00f3nicas de la marca, ideal para mujeres modernas y elegantes. Con una mezcla fresca y floral de notas de salida de fresas, hojas verdes y violeta, este perfume crea una primera impresi\u00f3n delicada y vibrante. With Notes of White Raspberries, Daisy Petals &amp; Sweet Musk. En [&hellip;]<\/p>","protected":false},"featured_media":24446,"comment_status":"open","ping_status":"closed","template":"","meta":{"_acf_changed":false},"product_brand":[],"product_cat":[27,93],"product_tag":[],"class_list":{"0":"post-24445","1":"product","2":"type-product","3":"status-publish","4":"has-post-thumbnail","6":"product_cat-damas-mujer","7":"product_cat-perfumes-y-fragancias-belleza-y-cuidado-personal-damas-mujer","9":"first","10":"instock","11":"taxable","12":"shipping-taxable","13":"product-type-external"},"acf":[],"jetpack_sharing_enabled":true,"_links":{"self":[{"href":"https:\/\/edshipp.com\/en\/wp-json\/wp\/v2\/product\/24445","targetHints":{"allow":["GET"]}}],"collection":[{"href":"https:\/\/edshipp.com\/en\/wp-json\/wp\/v2\/product"}],"about":[{"href":"https:\/\/edshipp.com\/en\/wp-json\/wp\/v2\/types\/product"}],"replies":[{"embeddable":true,"href":"https:\/\/edshipp.com\/en\/wp-json\/wp\/v2\/comments?post=24445"}],"wp:featuredmedia":[{"embeddable":true,"href":"https:\/\/edshipp.com\/en\/wp-json\/wp\/v2\/media\/24446"}],"wp:attachment":[{"href":"https:\/\/edshipp.com\/en\/wp-json\/wp\/v2\/media?parent=24445"}],"wp:term":[{"taxonomy":"product_brand","embeddable":true,"href":"https:\/\/edshipp.com\/en\/wp-json\/wp\/v2\/product_brand?post=24445"},{"taxonomy":"product_cat","embeddable":true,"href":"https:\/\/edshipp.com\/en\/wp-json\/wp\/v2\/product_cat?post=24445"},{"taxonomy":"product_tag","embeddable":true,"href":"https:\/\/edshipp.com\/en\/wp-json\/wp\/v2\/product_tag?post=24445"}],"curies":[{"name":"wp","href":"https:\/\/api.w.org\/{rel}","templated":true}]}}