{"id":24443,"date":"2026-01-03T15:17:29","date_gmt":"2026-01-03T15:17:29","guid":{"rendered":"https:\/\/edshipp.com\/?post_type=product&#038;p=24443"},"modified":"2026-02-08T11:04:03","modified_gmt":"2026-02-08T11:04:03","slug":"lolita-lempicka-le-parfum-eau-de-parfum-spray-para-mujer-notas-de-regaliz-violeta-y-anis-ideal-para-uso-diario-y-eventos-especiales","status":"publish","type":"product","link":"https:\/\/edshipp.com\/en\/product\/lolita-lempicka-le-parfum-eau-de-parfum-spray-para-mujer-notas-de-regaliz-violeta-y-anis-ideal-para-uso-diario-y-eventos-especiales\/","title":{"rendered":"Lolita Lempicka: El Encanto Floral para Ella \u2013 Eau De Parfum Exclusivo\u00bb"},"content":{"rendered":"<p data-start=\"1499\" data-end=\"1653\"><strong data-start=\"1499\" data-end=\"1529\">Lolita Lempicka para mujer<\/strong> es un perfume de la reconocida marca francesa que combina notas dulces y florales para una fragancia delicada y femenina.<\/p>\n<p data-start=\"1499\" data-end=\"1653\">Notas de regaliz, violeta y an\u00eds &#8211; Ideal para uso diario y eventos especiales.<\/p>\n<p data-start=\"1660\" data-end=\"1951\">Con <strong data-start=\"1664\" data-end=\"1684\">2.7 oz EDP Spray<\/strong>, este perfume es ideal para cualquier ocasi\u00f3n, ya sea para tu d\u00eda a d\u00eda o para eventos especiales. Sus <strong data-start=\"1788\" data-end=\"1807\">notas de salida<\/strong> incluyen regaliz, junto con un toque de <strong data-start=\"1848\" data-end=\"1865\">flor de lirio<\/strong> y <strong data-start=\"1868\" data-end=\"1880\">vainilla<\/strong>, lo que lo convierte en un perfume muy vers\u00e1til y con gran duraci\u00f3n.<\/p>\n<p data-start=\"1958\" data-end=\"2111\">\u00a1No te pierdas esta fragancia exclusiva! Haz clic en el bot\u00f3n para <strong data-start=\"2025\" data-end=\"2059\">comprar directamente en Amazon<\/strong> y recibir el perfume en la comodidad de tu hogar.<\/p>\n<p data-start=\"2118\" data-end=\"2251\"><em data-start=\"2118\" data-end=\"2251\">Recuerda, los precios y disponibilidad se actualizan constantemente en Amazon, por lo que aseg\u00farate de hacer tu compra r\u00e1pidamente.<\/em><\/p>","protected":false},"excerpt":{"rendered":"<p>Lolita Lempicka para mujer es un perfume de la reconocida marca francesa que combina notas dulces y florales para una fragancia delicada y femenina. Notas de regaliz, violeta y an\u00eds &#8211; Ideal para uso diario y eventos especiales. Con 2.7 oz EDP Spray, este perfume es ideal para cualquier ocasi\u00f3n, ya sea para tu d\u00eda [&hellip;]<\/p>","protected":false},"featured_media":24444,"comment_status":"open","ping_status":"closed","template":"","meta":{"_acf_changed":false},"product_brand":[],"product_cat":[27,93],"product_tag":[],"class_list":{"0":"post-24443","1":"product","2":"type-product","3":"status-publish","4":"has-post-thumbnail","6":"product_cat-damas-mujer","7":"product_cat-perfumes-y-fragancias-belleza-y-cuidado-personal-damas-mujer","9":"first","10":"instock","11":"taxable","12":"shipping-taxable","13":"product-type-external"},"acf":[],"jetpack_sharing_enabled":true,"_links":{"self":[{"href":"https:\/\/edshipp.com\/en\/wp-json\/wp\/v2\/product\/24443","targetHints":{"allow":["GET"]}}],"collection":[{"href":"https:\/\/edshipp.com\/en\/wp-json\/wp\/v2\/product"}],"about":[{"href":"https:\/\/edshipp.com\/en\/wp-json\/wp\/v2\/types\/product"}],"replies":[{"embeddable":true,"href":"https:\/\/edshipp.com\/en\/wp-json\/wp\/v2\/comments?post=24443"}],"wp:featuredmedia":[{"embeddable":true,"href":"https:\/\/edshipp.com\/en\/wp-json\/wp\/v2\/media\/24444"}],"wp:attachment":[{"href":"https:\/\/edshipp.com\/en\/wp-json\/wp\/v2\/media?parent=24443"}],"wp:term":[{"taxonomy":"product_brand","embeddable":true,"href":"https:\/\/edshipp.com\/en\/wp-json\/wp\/v2\/product_brand?post=24443"},{"taxonomy":"product_cat","embeddable":true,"href":"https:\/\/edshipp.com\/en\/wp-json\/wp\/v2\/product_cat?post=24443"},{"taxonomy":"product_tag","embeddable":true,"href":"https:\/\/edshipp.com\/en\/wp-json\/wp\/v2\/product_tag?post=24443"}],"curies":[{"name":"wp","href":"https:\/\/api.w.org\/{rel}","templated":true}]}}