{"id":25856,"date":"2026-04-02T21:13:48","date_gmt":"2026-04-02T21:13:48","guid":{"rendered":"https:\/\/edshipp.com\/?page_id=25856"},"modified":"2026-04-02T21:13:51","modified_gmt":"2026-04-02T21:13:51","slug":"politicas-de-devolucion","status":"publish","type":"page","link":"https:\/\/edshipp.com\/en\/politicas-de-devolucion\/","title":{"rendered":"Pol\u00edticas de Devoluci\u00f3n."},"content":{"rendered":"<p>\u00abNuestras devoluciones se gestionan bajo las pol\u00edticas oficiales de Amazon. Si necesitas devolver un producto, puedes hacerlo directamente desde tu cuenta de Amazon en la secci\u00f3n &#8216;Mis pedidos&#8217;. Cuentas con el respaldo y la garant\u00eda de devoluci\u00f3n de Amazon.\u00bb<\/p>","protected":false},"excerpt":{"rendered":"<p>\u00abNuestras devoluciones se gestionan bajo las pol\u00edticas oficiales de Amazon. Si necesitas devolver un producto, puedes hacerlo directamente desde tu cuenta de Amazon en la secci\u00f3n &#8216;Mis pedidos&#8217;. Cuentas con el respaldo y la garant\u00eda de devoluci\u00f3n de Amazon.\u00bb<\/p>","protected":false},"author":2,"featured_media":0,"parent":0,"menu_order":0,"comment_status":"closed","ping_status":"closed","template":"","meta":{"_acf_changed":false,"footnotes":""},"class_list":["post-25856","page","type-page","status-publish","hentry"],"acf":[],"jetpack_sharing_enabled":true,"_links":{"self":[{"href":"https:\/\/edshipp.com\/en\/wp-json\/wp\/v2\/pages\/25856","targetHints":{"allow":["GET"]}}],"collection":[{"href":"https:\/\/edshipp.com\/en\/wp-json\/wp\/v2\/pages"}],"about":[{"href":"https:\/\/edshipp.com\/en\/wp-json\/wp\/v2\/types\/page"}],"author":[{"embeddable":true,"href":"https:\/\/edshipp.com\/en\/wp-json\/wp\/v2\/users\/2"}],"replies":[{"embeddable":true,"href":"https:\/\/edshipp.com\/en\/wp-json\/wp\/v2\/comments?post=25856"}],"version-history":[{"count":1,"href":"https:\/\/edshipp.com\/en\/wp-json\/wp\/v2\/pages\/25856\/revisions"}],"predecessor-version":[{"id":25857,"href":"https:\/\/edshipp.com\/en\/wp-json\/wp\/v2\/pages\/25856\/revisions\/25857"}],"wp:attachment":[{"href":"https:\/\/edshipp.com\/en\/wp-json\/wp\/v2\/media?parent=25856"}],"curies":[{"name":"wp","href":"https:\/\/api.w.org\/{rel}","templated":true}]}}