{"id":2529,"date":"2022-08-31T17:30:26","date_gmt":"2022-08-31T17:30:26","guid":{"rendered":"https:\/\/edshipp.com\/?page_id=2529"},"modified":"2026-01-13T23:32:19","modified_gmt":"2026-01-13T23:32:19","slug":"caballero","status":"publish","type":"page","link":"https:\/\/edshipp.com\/en\/caballero\/","title":{"rendered":"Men"},"content":{"rendered":"<div data-elementor-type=\"wp-page\" data-elementor-id=\"2529\" class=\"elementor elementor-2529\" data-elementor-post-type=\"page\">\n\t\t\t\t\t\t<section class=\"elementor-section elementor-top-section elementor-element elementor-element-5987bc6 elementor-section-boxed elementor-section-height-default elementor-section-height-default\" data-id=\"5987bc6\" data-element_type=\"section\">\n\t\t\t\t\t\t<div class=\"elementor-container elementor-column-gap-default\">\n\t\t\t\t\t<div class=\"elementor-column elementor-col-100 elementor-top-column elementor-element elementor-element-409e6a4\" data-id=\"409e6a4\" data-element_type=\"column\">\n\t\t\t<div class=\"elementor-widget-wrap elementor-element-populated\">\n\t\t\t\t\t\t<div class=\"elementor-element elementor-element-ca670b3 elementor-align-center elementor-icon-list--layout-traditional elementor-list-item-link-full_width elementor-widget elementor-widget-icon-list\" data-id=\"ca670b3\" data-element_type=\"widget\" data-widget_type=\"icon-list.default\">\n\t\t\t\t<div class=\"elementor-widget-container\">\n\t\t\t\t\t\t\t<ul class=\"elementor-icon-list-items\">\n\t\t\t\t\t\t\t<li class=\"elementor-icon-list-item\">\n\t\t\t\t\t\t\t\t\t\t\t<span class=\"elementor-icon-list-icon\">\n\t\t\t\t\t\t\t<i aria-hidden=\"true\" class=\"fas fa-male\"><\/i>\t\t\t\t\t\t<\/span>\n\t\t\t\t\t\t\t\t\t\t<span class=\"elementor-icon-list-text\">Men<\/span>\n\t\t\t\t\t\t\t\t\t<\/li>\n\t\t\t\t\t\t<\/ul>\n\t\t\t\t\t\t<\/div>\n\t\t\t\t<\/div>\n\t\t\t\t\t<\/div>\n\t\t<\/div>\n\t\t\t\t\t<\/div>\n\t\t<\/section>\n\t\t<div class=\"elementor-element elementor-element-3b0791c e-flex e-con-boxed e-con e-parent\" data-id=\"3b0791c\" data-element_type=\"container\">\n\t\t\t\t\t<div class=\"e-con-inner\">\n\t\t<div class=\"elementor-element elementor-element-d52fe6b e-con-full e-flex e-con e-child\" data-id=\"d52fe6b\" data-element_type=\"container\">\n\t\t<div class=\"elementor-element elementor-element-4cf60e5 e-con-full e-flex e-con e-child\" data-id=\"4cf60e5\" data-element_type=\"container\">\n\t\t\t\t<div class=\"elementor-element elementor-element-3b1d094 elementor-grid-1 elementor-product-loop-item--align-center elementor-grid-tablet-3 elementor-grid-mobile-2 elementor-products-grid elementor-wc-products elementor-widget elementor-widget-wc-categories\" data-id=\"3b1d094\" data-element_type=\"widget\" data-widget_type=\"wc-categories.default\">\n\t\t\t\t<div class=\"elementor-widget-container\">\n\t\t\t\t\t<div class=\"woocommerce columns-1\"><ul class=\"products elementor-grid columns-1\">\n<li class=\"product-category product first\">\n\t<a aria-label=\"Visit product category Belleza y Cuidado Personal caballero\" href=\"https:\/\/edshipp.com\/en\/product-category\/caballero\/belleza-y-cuidado-personal\/\" data-no-translation-aria-label=\"\"><img fetchpriority=\"high\" decoding=\"async\" src=\"https:\/\/edshipp.com\/wp-content\/uploads\/2026\/01\/Cuidado-Personal-Hombre-300x300.webp\" alt=\"Belleza y Cuidado Personal caballero\" width=\"300\" height=\"300\" srcset=\"https:\/\/edshipp.com\/wp-content\/uploads\/2026\/01\/Cuidado-Personal-Hombre-300x300.webp 300w, https:\/\/edshipp.com\/wp-content\/uploads\/2026\/01\/Cuidado-Personal-Hombre-1024x1024.webp 1024w, https:\/\/edshipp.com\/wp-content\/uploads\/2026\/01\/Cuidado-Personal-Hombre-150x150.webp 150w, https:\/\/edshipp.com\/wp-content\/uploads\/2026\/01\/Cuidado-Personal-Hombre-768x768.webp 768w, https:\/\/edshipp.com\/wp-content\/uploads\/2026\/01\/Cuidado-Personal-Hombre-1536x1536.webp 1536w, https:\/\/edshipp.com\/wp-content\/uploads\/2026\/01\/Cuidado-Personal-Hombre-12x12.webp 12w, https:\/\/edshipp.com\/wp-content\/uploads\/2026\/01\/Cuidado-Personal-Hombre-600x600.webp 600w, https:\/\/edshipp.com\/wp-content\/uploads\/2026\/01\/Cuidado-Personal-Hombre-100x100.webp 100w, https:\/\/edshipp.com\/wp-content\/uploads\/2026\/01\/Cuidado-Personal-Hombre-50x50.webp 50w, https:\/\/edshipp.com\/wp-content\/uploads\/2026\/01\/Cuidado-Personal-Hombre.webp 1751w\" sizes=\"(max-width: 300px) 100vw, 300px\" \/>\t\t<h2 class=\"woocommerce-loop-category__title\">\n\t\t\tBelleza y Cuidado Personal caballero <mark class=\"count\">(65)<\/mark>\t\t<\/h2>\n\t\t<\/a><\/li>\n<\/ul>\n<\/div>\t\t\t\t<\/div>\n\t\t\t\t<\/div>\n\t\t\t\t<\/div>\n\t\t<div class=\"elementor-element elementor-element-092972f e-con-full e-flex e-con e-child\" data-id=\"092972f\" data-element_type=\"container\">\n\t\t\t\t<div class=\"elementor-element elementor-element-e0c287a elementor-grid-1 elementor-product-loop-item--align-center elementor-grid-tablet-3 elementor-grid-mobile-2 elementor-products-grid elementor-wc-products elementor-widget elementor-widget-wc-categories\" data-id=\"e0c287a\" data-element_type=\"widget\" data-widget_type=\"wc-categories.default\">\n\t\t\t\t<div class=\"elementor-widget-container\">\n\t\t\t\t\t<div class=\"woocommerce columns-1\"><ul class=\"products elementor-grid columns-1\">\n<li class=\"product-category product first\">\n\t<a aria-label=\"Visit product category Perfumes y fragancias caballero\" href=\"https:\/\/edshipp.com\/en\/product-category\/caballero\/belleza-y-cuidado-personal\/perfumes-y-fragancias\/\" data-no-translation-aria-label=\"\"><img decoding=\"async\" src=\"https:\/\/edshipp.com\/wp-content\/uploads\/2026\/01\/hombre-300x300.jpg\" alt=\"Perfumes y fragancias caballero\" width=\"300\" height=\"300\" srcset=\"https:\/\/edshipp.com\/wp-content\/uploads\/2026\/01\/hombre-300x300.jpg 300w, https:\/\/edshipp.com\/wp-content\/uploads\/2026\/01\/hombre-1024x1024.jpg 1024w, https:\/\/edshipp.com\/wp-content\/uploads\/2026\/01\/hombre-150x150.jpg 150w, https:\/\/edshipp.com\/wp-content\/uploads\/2026\/01\/hombre-768x768.jpg 768w, https:\/\/edshipp.com\/wp-content\/uploads\/2026\/01\/hombre-12x12.jpg 12w, https:\/\/edshipp.com\/wp-content\/uploads\/2026\/01\/hombre-600x600.jpg 600w, https:\/\/edshipp.com\/wp-content\/uploads\/2026\/01\/hombre-100x100.jpg 100w, https:\/\/edshipp.com\/wp-content\/uploads\/2026\/01\/hombre-50x50.jpg 50w, https:\/\/edshipp.com\/wp-content\/uploads\/2026\/01\/hombre.jpg 1500w\" sizes=\"(max-width: 300px) 100vw, 300px\" \/>\t\t<h2 class=\"woocommerce-loop-category__title\">\n\t\t\tPerfumes y fragancias caballero <mark class=\"count\">(57)<\/mark>\t\t<\/h2>\n\t\t<\/a><\/li>\n<\/ul>\n<\/div>\t\t\t\t<\/div>\n\t\t\t\t<\/div>\n\t\t\t\t<\/div>\n\t\t<div class=\"elementor-element elementor-element-619ddf1 e-con-full e-flex e-con e-child\" data-id=\"619ddf1\" data-element_type=\"container\">\n\t\t\t\t<div class=\"elementor-element elementor-element-5eec5c0 elementor-grid-1 elementor-product-loop-item--align-center elementor-grid-tablet-3 elementor-grid-mobile-2 elementor-products-grid elementor-wc-products elementor-widget elementor-widget-wc-categories\" data-id=\"5eec5c0\" data-element_type=\"widget\" data-widget_type=\"wc-categories.default\">\n\t\t\t\t<div class=\"elementor-widget-container\">\n\t\t\t\t\t<div class=\"woocommerce columns-1\"><ul class=\"products elementor-grid columns-1\">\n<li class=\"product-category product first\">\n\t<a aria-label=\"Visit product category Set de regalo para hombre\" href=\"https:\/\/edshipp.com\/en\/product-category\/caballero\/belleza-y-cuidado-personal\/set-de-regalo-para-hombre\/\" data-no-translation-aria-label=\"\"><img decoding=\"async\" src=\"https:\/\/edshipp.com\/wp-content\/uploads\/2026\/01\/guess-mesa-300x300.jpg\" alt=\"Set de regalo para hombre\" width=\"300\" height=\"300\" srcset=\"https:\/\/edshipp.com\/wp-content\/uploads\/2026\/01\/guess-mesa-300x300.jpg 300w, https:\/\/edshipp.com\/wp-content\/uploads\/2026\/01\/guess-mesa-1024x1024.jpg 1024w, https:\/\/edshipp.com\/wp-content\/uploads\/2026\/01\/guess-mesa-150x150.jpg 150w, https:\/\/edshipp.com\/wp-content\/uploads\/2026\/01\/guess-mesa-768x768.jpg 768w, https:\/\/edshipp.com\/wp-content\/uploads\/2026\/01\/guess-mesa-12x12.jpg 12w, https:\/\/edshipp.com\/wp-content\/uploads\/2026\/01\/guess-mesa-600x600.jpg 600w, https:\/\/edshipp.com\/wp-content\/uploads\/2026\/01\/guess-mesa-100x100.jpg 100w, https:\/\/edshipp.com\/wp-content\/uploads\/2026\/01\/guess-mesa-50x50.jpg 50w, https:\/\/edshipp.com\/wp-content\/uploads\/2026\/01\/guess-mesa.jpg 1500w\" sizes=\"(max-width: 300px) 100vw, 300px\" \/>\t\t<h2 class=\"woocommerce-loop-category__title\">\n\t\t\tSet de regalo para hombre <mark class=\"count\">(18)<\/mark>\t\t<\/h2>\n\t\t<\/a><\/li>\n<\/ul>\n<\/div>\t\t\t\t<\/div>\n\t\t\t\t<\/div>\n\t\t\t\t<\/div>\n\t\t<div class=\"elementor-element elementor-element-6b401f8 e-con-full e-flex e-con e-child\" data-id=\"6b401f8\" data-element_type=\"container\">\n\t\t\t\t<div class=\"elementor-element elementor-element-8911457 elementor-grid-1 elementor-product-loop-item--align-center elementor-grid-tablet-3 elementor-grid-mobile-2 elementor-products-grid elementor-wc-products elementor-widget elementor-widget-wc-categories\" data-id=\"8911457\" data-element_type=\"widget\" data-widget_type=\"wc-categories.default\">\n\t\t\t\t<div class=\"elementor-widget-container\">\n\t\t\t\t\t<div class=\"woocommerce columns-1\"><ul class=\"products elementor-grid columns-1\">\n<li class=\"product-category product first\">\n\t<a aria-label=\"Visit product category Set de ba\u00f1o para Hombre\" href=\"https:\/\/edshipp.com\/en\/product-category\/caballero\/belleza-y-cuidado-personal\/set-de-bano-para-hombre\/\" data-no-translation-aria-label=\"\"><img loading=\"lazy\" decoding=\"async\" src=\"https:\/\/edshipp.com\/wp-content\/uploads\/2026\/01\/versage-set-300x300.jpg\" alt=\"Set de ba\u00f1o para Hombre\" width=\"300\" height=\"300\" srcset=\"https:\/\/edshipp.com\/wp-content\/uploads\/2026\/01\/versage-set-300x300.jpg 300w, https:\/\/edshipp.com\/wp-content\/uploads\/2026\/01\/versage-set-1024x1024.jpg 1024w, https:\/\/edshipp.com\/wp-content\/uploads\/2026\/01\/versage-set-150x150.jpg 150w, https:\/\/edshipp.com\/wp-content\/uploads\/2026\/01\/versage-set-768x768.jpg 768w, https:\/\/edshipp.com\/wp-content\/uploads\/2026\/01\/versage-set-12x12.jpg 12w, https:\/\/edshipp.com\/wp-content\/uploads\/2026\/01\/versage-set-600x600.jpg 600w, https:\/\/edshipp.com\/wp-content\/uploads\/2026\/01\/versage-set-100x100.jpg 100w, https:\/\/edshipp.com\/wp-content\/uploads\/2026\/01\/versage-set-50x50.jpg 50w, https:\/\/edshipp.com\/wp-content\/uploads\/2026\/01\/versage-set.jpg 1500w\" sizes=\"(max-width: 300px) 100vw, 300px\" \/>\t\t<h2 class=\"woocommerce-loop-category__title\">\n\t\t\tSet de ba\u00f1o para Hombre <mark class=\"count\">(6)<\/mark>\t\t<\/h2>\n\t\t<\/a><\/li>\n<\/ul>\n<\/div>\t\t\t\t<\/div>\n\t\t\t\t<\/div>\n\t\t\t\t<\/div>\n\t\t\t\t<\/div>\n\t\t\t\t\t<\/div>\n\t\t\t\t<\/div>\n\t\t\t\t<section class=\"elementor-section elementor-top-section elementor-element elementor-element-8255b98 elementor-hidden-desktop elementor-hidden-tablet elementor-hidden-mobile elementor-section-boxed elementor-section-height-default elementor-section-height-default\" data-id=\"8255b98\" data-element_type=\"section\">\n\t\t\t\t\t\t<div class=\"elementor-container elementor-column-gap-default\">\n\t\t\t\t\t<div class=\"elementor-column elementor-col-20 elementor-top-column elementor-element elementor-element-cd752d3\" data-id=\"cd752d3\" data-element_type=\"column\">\n\t\t\t<div class=\"elementor-widget-wrap elementor-element-populated\">\n\t\t\t\t\t\t<div class=\"elementor-element elementor-element-8354ab9 elementor-icon-list--layout-inline elementor-mobile-align-center elementor-list-item-link-full_width elementor-widget elementor-widget-icon-list\" data-id=\"8354ab9\" data-element_type=\"widget\" data-widget_type=\"icon-list.default\">\n\t\t\t\t<div class=\"elementor-widget-container\">\n\t\t\t\t\t\t\t<ul class=\"elementor-icon-list-items elementor-inline-items\">\n\t\t\t\t\t\t\t<li class=\"elementor-icon-list-item elementor-inline-item\">\n\t\t\t\t\t\t\t\t\t\t\t<a href=\"https:\/\/edshipp.com\/en\/product-category\/caballero\/ropa\/\">\n\n\t\t\t\t\t\t\t\t\t\t\t\t<span class=\"elementor-icon-list-icon\">\n\t\t\t\t\t\t\t<i aria-hidden=\"true\" class=\"fas fa-tshirt\"><\/i>\t\t\t\t\t\t<\/span>\n\t\t\t\t\t\t\t\t\t\t<span class=\"elementor-icon-list-text\">Clothing<\/span>\n\t\t\t\t\t\t\t\t\t\t\t<\/a>\n\t\t\t\t\t\t\t\t\t<\/li>\n\t\t\t\t\t\t<\/ul>\n\t\t\t\t\t\t<\/div>\n\t\t\t\t<\/div>\n\t\t\t\t<div class=\"elementor-element elementor-element-a3a99fd elementor-widget elementor-widget-text-editor\" data-id=\"a3a99fd\" data-element_type=\"widget\" data-widget_type=\"text-editor.default\">\n\t\t\t\t<div class=\"elementor-widget-container\">\n\t\t\t\t\t\t\t\t\t<p><a href=\"https:\/\/edshipp.com\/en\/product-category\/caballero\/ropa\/pantalones\/\">Pants<\/a><br \/><a href=\"https:\/\/edshipp.com\/en\/product-category\/caballero\/ropa\/playeras\/\" target=\"_blank\" rel=\"noopener\">T-shirts<\/a><br \/><a href=\"https:\/\/edshipp.com\/en\/product-category\/caballero\/ropa\/camisas\/\">Shirts<\/a><br \/>Suits<br \/><a href=\"https:\/\/edshipp.com\/en\/product-category\/caballero\/ropa\/ropa-interior-ropa\/\" target=\"_blank\" rel=\"noopener\">Underwear<\/a><br \/><a href=\"https:\/\/edshipp.com\/en\/product-category\/caballero\/ropa\/ropa-deportiva-ropa\/\" target=\"_blank\" rel=\"noopener\">Sportswear<\/a><br \/>Jackets and vests<\/p>\t\t\t\t\t\t\t\t<\/div>\n\t\t\t\t<\/div>\n\t\t\t\t\t<\/div>\n\t\t<\/div>\n\t\t\t\t<div class=\"elementor-column elementor-col-20 elementor-top-column elementor-element elementor-element-47f5148\" data-id=\"47f5148\" data-element_type=\"column\">\n\t\t\t<div class=\"elementor-widget-wrap elementor-element-populated\">\n\t\t\t\t\t\t<div class=\"elementor-element elementor-element-3aec247 elementor-icon-list--layout-inline elementor-mobile-align-center elementor-list-item-link-full_width elementor-widget elementor-widget-icon-list\" data-id=\"3aec247\" data-element_type=\"widget\" data-widget_type=\"icon-list.default\">\n\t\t\t\t<div class=\"elementor-widget-container\">\n\t\t\t\t\t\t\t<ul class=\"elementor-icon-list-items elementor-inline-items\">\n\t\t\t\t\t\t\t<li class=\"elementor-icon-list-item elementor-inline-item\">\n\t\t\t\t\t\t\t\t\t\t\t<a href=\"https:\/\/edshipp.com\/en\/product-category\/damas-mujer\/joyeria-y-bisuteria-damas-mujer\/\" target=\"_blank\">\n\n\t\t\t\t\t\t\t\t\t\t\t\t<span class=\"elementor-icon-list-icon\">\n\t\t\t\t\t\t\t<i aria-hidden=\"true\" class=\"fas fa-ring\"><\/i>\t\t\t\t\t\t<\/span>\n\t\t\t\t\t\t\t\t\t\t<span class=\"elementor-icon-list-text\">Joyer\u00eda y bisuter\u00eda<\/span>\n\t\t\t\t\t\t\t\t\t\t\t<\/a>\n\t\t\t\t\t\t\t\t\t<\/li>\n\t\t\t\t\t\t<\/ul>\n\t\t\t\t\t\t<\/div>\n\t\t\t\t<\/div>\n\t\t\t\t<div class=\"elementor-element elementor-element-0701faf elementor-widget elementor-widget-text-editor\" data-id=\"0701faf\" data-element_type=\"widget\" data-widget_type=\"text-editor.default\">\n\t\t\t\t<div class=\"elementor-widget-container\">\n\t\t\t\t\t\t\t\t\t<p><a href=\"https:\/\/edshipp.com\/en\/product-category\/caballero\/joyeria-y-bisuteria\/anillos\/\" target=\"_blank\" rel=\"noopener\">Anillos<\/a><br \/><a href=\"https:\/\/edshipp.com\/en\/product-category\/caballero\/joyeria-y-bisuteria\/pendiente-arete\/\" target=\"_blank\" rel=\"noopener\">Earring<\/a><br \/><a href=\"https:\/\/edshipp.com\/en\/product-category\/caballero\/joyeria-y-bisuteria\/collares-y-cadenas-joyeria-y-bisuteria\/\" target=\"_blank\" rel=\"noopener\">Collares y Cadenas<\/a><br \/><a href=\"https:\/\/edshipp.com\/en\/product-category\/caballero\/joyeria-y-bisuteria\/pulseras-y-esclavas\/\" target=\"_blank\" rel=\"noopener\">Pulseras y esclavas<\/a><br \/>Sets de joyer\u00eda<\/p>\t\t\t\t\t\t\t\t<\/div>\n\t\t\t\t<\/div>\n\t\t\t\t\t<\/div>\n\t\t<\/div>\n\t\t\t\t<div class=\"elementor-column elementor-col-20 elementor-top-column elementor-element elementor-element-0301744\" data-id=\"0301744\" data-element_type=\"column\">\n\t\t\t<div class=\"elementor-widget-wrap elementor-element-populated\">\n\t\t\t\t\t\t<div class=\"elementor-element elementor-element-02be094 elementor-icon-list--layout-inline elementor-mobile-align-center elementor-list-item-link-full_width elementor-widget elementor-widget-icon-list\" data-id=\"02be094\" data-element_type=\"widget\" data-widget_type=\"icon-list.default\">\n\t\t\t\t<div class=\"elementor-widget-container\">\n\t\t\t\t\t\t\t<ul class=\"elementor-icon-list-items elementor-inline-items\">\n\t\t\t\t\t\t\t<li class=\"elementor-icon-list-item elementor-inline-item\">\n\t\t\t\t\t\t\t\t\t\t\t<span class=\"elementor-icon-list-icon\">\n\t\t\t\t\t\t\t<i aria-hidden=\"true\" class=\"fas fa-glasses\"><\/i>\t\t\t\t\t\t<\/span>\n\t\t\t\t\t\t\t\t\t\t<span class=\"elementor-icon-list-text\">Accessories<\/span>\n\t\t\t\t\t\t\t\t\t<\/li>\n\t\t\t\t\t\t<\/ul>\n\t\t\t\t\t\t<\/div>\n\t\t\t\t<\/div>\n\t\t\t\t<div class=\"elementor-element elementor-element-8c1aa91 elementor-widget elementor-widget-text-editor\" data-id=\"8c1aa91\" data-element_type=\"widget\" data-widget_type=\"text-editor.default\">\n\t\t\t\t<div class=\"elementor-widget-container\">\n\t\t\t\t\t\t\t\t\t<p><a href=\"https:\/\/edshipp.com\/en\/product-category\/caballero\/accesorios-caballero\/relojes-accesorios-caballero\/\">Watch<\/a><br \/><a href=\"https:\/\/edshipp.com\/en\/product-category\/caballero\/ropa\/ropa-deportiva-ropa\/\" target=\"_blank\" rel=\"noopener\">Belts<\/a><br \/><a href=\"https:\/\/edshipp.com\/en\/product-category\/caballero\/accesorios-caballero\/gafas\/\" target=\"_blank\" rel=\"noopener\">Glasses<\/a><br \/>Caps and hats<br \/><a href=\"https:\/\/edshipp.com\/en\/product-category\/caballero\/accesorios-caballero\/mochilas-y-maletines\/\">Backpacks and briefcases<\/a><\/p>\t\t\t\t\t\t\t\t<\/div>\n\t\t\t\t<\/div>\n\t\t\t\t\t<\/div>\n\t\t<\/div>\n\t\t\t\t<div class=\"elementor-column elementor-col-20 elementor-top-column elementor-element elementor-element-6f8c1fc\" data-id=\"6f8c1fc\" data-element_type=\"column\">\n\t\t\t<div class=\"elementor-widget-wrap elementor-element-populated\">\n\t\t\t\t\t\t<div class=\"elementor-element elementor-element-bdc36ab elementor-icon-list--layout-inline elementor-mobile-align-center elementor-list-item-link-full_width elementor-widget elementor-widget-icon-list\" data-id=\"bdc36ab\" data-element_type=\"widget\" data-widget_type=\"icon-list.default\">\n\t\t\t\t<div class=\"elementor-widget-container\">\n\t\t\t\t\t\t\t<ul class=\"elementor-icon-list-items elementor-inline-items\">\n\t\t\t\t\t\t\t<li class=\"elementor-icon-list-item elementor-inline-item\">\n\t\t\t\t\t\t\t\t\t\t\t<span class=\"elementor-icon-list-icon\">\n\t\t\t\t\t\t\t<i aria-hidden=\"true\" class=\"fas fa-shoe-prints\"><\/i>\t\t\t\t\t\t<\/span>\n\t\t\t\t\t\t\t\t\t\t<span class=\"elementor-icon-list-text\">Shoes<\/span>\n\t\t\t\t\t\t\t\t\t<\/li>\n\t\t\t\t\t\t<\/ul>\n\t\t\t\t\t\t<\/div>\n\t\t\t\t<\/div>\n\t\t\t\t<div class=\"elementor-element elementor-element-2eb739f elementor-widget elementor-widget-text-editor\" data-id=\"2eb739f\" data-element_type=\"widget\" data-widget_type=\"text-editor.default\">\n\t\t\t\t<div class=\"elementor-widget-container\">\n\t\t\t\t\t\t\t\t\t<p><a href=\"https:\/\/edshipp.com\/en\/product-category\/caballero\/calzado-caballero\/\">Shoes<\/a><br \/><a href=\"https:\/\/edshipp.com\/en\/product-category\/caballero\/calzado-caballero\/botas-y-botines-calzado-caballero\/\">Boots and ankle boots<\/a><br \/><a href=\"https:\/\/edshipp.com\/en\/product-category\/caballero\/calzado-caballero\/tenis\/\" target=\"_blank\" rel=\"noopener\">Tennis<\/a><br \/><a href=\"https:\/\/edshipp.com\/en\/product-category\/caballero\/calzado-caballero\/tenis\/\" target=\"_blank\" rel=\"noopener\">Sandals and huaraches<\/a><\/p><div id=\"gtx-trans\" style=\"position: absolute; left: 121px; top: 62.696px;\"><div class=\"gtx-trans-icon\">\u00a0<\/div><\/div>\t\t\t\t\t\t\t\t<\/div>\n\t\t\t\t<\/div>\n\t\t\t\t\t<\/div>\n\t\t<\/div>\n\t\t\t\t<div class=\"elementor-column elementor-col-20 elementor-top-column elementor-element elementor-element-f48088c\" data-id=\"f48088c\" data-element_type=\"column\">\n\t\t\t<div class=\"elementor-widget-wrap elementor-element-populated\">\n\t\t\t\t\t\t<div class=\"elementor-element elementor-element-9e393e8 elementor-icon-list--layout-inline elementor-mobile-align-center elementor-list-item-link-full_width elementor-widget elementor-widget-icon-list\" data-id=\"9e393e8\" data-element_type=\"widget\" data-widget_type=\"icon-list.default\">\n\t\t\t\t<div class=\"elementor-widget-container\">\n\t\t\t\t\t\t\t<ul class=\"elementor-icon-list-items elementor-inline-items\">\n\t\t\t\t\t\t\t<li class=\"elementor-icon-list-item elementor-inline-item\">\n\t\t\t\t\t\t\t\t\t\t\t<span class=\"elementor-icon-list-icon\">\n\t\t\t\t\t\t\t<i aria-hidden=\"true\" class=\"fas fa-air-freshener\"><\/i>\t\t\t\t\t\t<\/span>\n\t\t\t\t\t\t\t\t\t\t<span class=\"elementor-icon-list-text\">Beauty and personal care<\/span>\n\t\t\t\t\t\t\t\t\t<\/li>\n\t\t\t\t\t\t<\/ul>\n\t\t\t\t\t\t<\/div>\n\t\t\t\t<\/div>\n\t\t\t\t<div class=\"elementor-element elementor-element-daefdb6 elementor-widget elementor-widget-text-editor\" data-id=\"daefdb6\" data-element_type=\"widget\" data-widget_type=\"text-editor.default\">\n\t\t\t\t<div class=\"elementor-widget-container\">\n\t\t\t\t\t\t\t\t\t<p><a href=\"https:\/\/edshipp.com\/en\/product-category\/caballero\/belleza-y-cuidado-personal\/perfumes-y-fragancias\/\" rel=\"noopener\">Perfumes and fragrances<\/a><br \/>Hair care<br \/>Hairdressing and barbershop items<br \/>Skin care and hair removal<br \/>Personal hygiene<br \/>Manicure and pedicure<br \/>Beauty treatments<br \/>Food supplements<\/p>\t\t\t\t\t\t\t\t<\/div>\n\t\t\t\t<\/div>\n\t\t\t\t\t<\/div>\n\t\t<\/div>\n\t\t\t\t\t<\/div>\n\t\t<\/section>\n\t\t\t\t<\/div>","protected":false},"excerpt":{"rendered":"<p>Caballero Ropa PantalonesPlayerasCamisasTrajesRopa interiorRopa deportivaChaquetas y chalecos Joyer\u00eda y bisuter\u00eda AnillosArete \/ pendienteCollares y CadenasPulseras y esclavasSets de joyer\u00eda Accesorios RelojesCinturonesGafasGorras y sombrerosMochilas y maletines Calzado ZapatosBotas y botinesTenisSandalias y huaraches \u00a0 Belleza y cuidado personal Perfumes y fraganciasCuidado del cabelloArt\u00edculos de peluquer\u00eda y barber\u00edaCuidado de la piel y depilaci\u00f3nHigiene personalManicure y pedicureTratamientos de bellezaSuplementos [&hellip;]<\/p>","protected":false},"author":1,"featured_media":0,"parent":0,"menu_order":0,"comment_status":"closed","ping_status":"closed","template":"elementor_header_footer","meta":{"_acf_changed":false,"footnotes":""},"class_list":["post-2529","page","type-page","status-publish","hentry"],"acf":[],"jetpack_sharing_enabled":true,"_links":{"self":[{"href":"https:\/\/edshipp.com\/en\/wp-json\/wp\/v2\/pages\/2529","targetHints":{"allow":["GET"]}}],"collection":[{"href":"https:\/\/edshipp.com\/en\/wp-json\/wp\/v2\/pages"}],"about":[{"href":"https:\/\/edshipp.com\/en\/wp-json\/wp\/v2\/types\/page"}],"author":[{"embeddable":true,"href":"https:\/\/edshipp.com\/en\/wp-json\/wp\/v2\/users\/1"}],"replies":[{"embeddable":true,"href":"https:\/\/edshipp.com\/en\/wp-json\/wp\/v2\/comments?post=2529"}],"version-history":[{"count":142,"href":"https:\/\/edshipp.com\/en\/wp-json\/wp\/v2\/pages\/2529\/revisions"}],"predecessor-version":[{"id":24887,"href":"https:\/\/edshipp.com\/en\/wp-json\/wp\/v2\/pages\/2529\/revisions\/24887"}],"wp:attachment":[{"href":"https:\/\/edshipp.com\/en\/wp-json\/wp\/v2\/media?parent=2529"}],"curies":[{"name":"wp","href":"https:\/\/api.w.org\/{rel}","templated":true}]}}